{"id":13225,"date":"2023-04-07T07:10:57","date_gmt":"2023-04-07T07:10:57","guid":{"rendered":"https:\/\/telttamaailma.fi\/tuottet\/star-talt-tva-stanger\/"},"modified":"2023-05-07T20:44:47","modified_gmt":"2023-05-07T20:44:47","slug":"star-talt-tva-stanger","status":"publish","type":"product","link":"https:\/\/telttamaailma.fi\/sv\/tuotteet\/star-talt-tva-stanger\/","title":{"rendered":"Star-t\u00e4lt Tv\u00e5 st\u00e4nger"},"content":{"rendered":"<p><strong>St\u00e5ng<\/strong>: aluminium<br \/>\n69,5 mm \u2013 2,5 mm<br \/>\n76,0 mm \u2013 3,0 mm<br \/>\n<strong>Set<\/strong>: st\u00e5ng\/st\u00e4nger, tak, v\u00e4ggar (kan ocks\u00e5 monteras med f\u00f6nster), transportv\u00e4ska, beslag<\/p>\n","protected":false},"excerpt":{"rendered":"<ul>\n<li><strong>Star-t\u00e4lt \u00e4r perfekta n\u00e4r man vill t\u00e4cka ett stort omr\u00e5de.<\/strong><\/li>\n<li>Star-t\u00e4lt \u00e4r snabbmonterade och unika och fulla av karakt\u00e4r.<\/li>\n<li>Vi kan erbjuda Star-t\u00e4lt med en eller tv\u00e5 st\u00e4nger.<\/li>\n<li>Taket \u00e4r tillverkat av vatten-, flam- och UV-s\u00e4ker samt smutsavvisande PCV-belagd polyesterduk.<\/li>\n<\/ul>\n","protected":false},"featured_media":10758,"template":"","meta":[],"product_brand":[],"product_cat":[568,579],"product_tag":[],"class_list":{"0":"post-13225","1":"product","2":"type-product","3":"status-publish","4":"has-post-thumbnail","6":"product_cat-ovriga-talt","7":"product_cat-star-talt","8":"wcpa_has_options","10":"first","11":"instock","12":"shipping-taxable","13":"purchasable","14":"product-type-variable"},"yoast_head":"<!-- This site is optimized with the Yoast SEO plugin v26.2 - https:\/\/yoast.com\/wordpress\/plugins\/seo\/ -->\n<title>Star-t\u00e4lt Tv\u00e5 st\u00e4nger - Telttamaailma OY<\/title>\n<meta name=\"robots\" content=\"index, follow, max-snippet:-1, max-image-preview:large, max-video-preview:-1\" \/>\n<link rel=\"canonical\" href=\"https:\/\/telttamaailma.fi\/tuotteet\/star-kaksimastoinen\/\" \/>\n<meta property=\"og:locale\" content=\"sv_SE\" \/>\n<meta property=\"og:type\" content=\"article\" \/>\n<meta property=\"og:title\" content=\"Star-t\u00e4lt Tv\u00e5 st\u00e4nger - Telttamaailma OY\" \/>\n<meta property=\"og:description\" content=\"Star-t\u00e4lt \u00e4r perfekta n\u00e4r man vill t\u00e4cka ett stort omr\u00e5de.  Star-t\u00e4lt \u00e4r snabbmonterade och unika och fulla av karakt\u00e4r.  Vi kan erbjuda Star-t\u00e4lt med en eller tv\u00e5 st\u00e4nger.  Taket \u00e4r tillverkat av vatten-, flam- och UV-s\u00e4ker samt smutsavvisande PCV-belagd polyesterduk.\" \/>\n<meta property=\"og:url\" content=\"https:\/\/telttamaailma.fi\/tuotteet\/star-kaksimastoinen\/\" \/>\n<meta property=\"og:site_name\" content=\"Telttamaailma OY\" \/>\n<meta property=\"article:modified_time\" content=\"2023-05-07T20:44:47+00:00\" \/>\n<meta property=\"og:image\" content=\"https:\/\/telttamaailma.fi\/wp-content\/uploads\/2023\/03\/hex-punane-star-telk.jpg\" \/>\n\t<meta property=\"og:image:width\" content=\"1000\" \/>\n\t<meta property=\"og:image:height\" content=\"1000\" \/>\n\t<meta property=\"og:image:type\" content=\"image\/jpeg\" \/>\n<meta name=\"twitter:card\" content=\"summary_large_image\" \/>\n<!-- \/ Yoast SEO plugin. -->","yoast_head_json":{"title":"Star-t\u00e4lt Tv\u00e5 st\u00e4nger - Telttamaailma OY","robots":{"index":"index","follow":"follow","max-snippet":"max-snippet:-1","max-image-preview":"max-image-preview:large","max-video-preview":"max-video-preview:-1"},"canonical":"https:\/\/telttamaailma.fi\/tuotteet\/star-kaksimastoinen\/","og_locale":"sv_SE","og_type":"article","og_title":"Star-t\u00e4lt Tv\u00e5 st\u00e4nger - Telttamaailma OY","og_description":"Star-t\u00e4lt \u00e4r perfekta n\u00e4r man vill t\u00e4cka ett stort omr\u00e5de.  Star-t\u00e4lt \u00e4r snabbmonterade och unika och fulla av karakt\u00e4r.  Vi kan erbjuda Star-t\u00e4lt med en eller tv\u00e5 st\u00e4nger.  Taket \u00e4r tillverkat av vatten-, flam- och UV-s\u00e4ker samt smutsavvisande PCV-belagd polyesterduk.","og_url":"https:\/\/telttamaailma.fi\/tuotteet\/star-kaksimastoinen\/","og_site_name":"Telttamaailma OY","article_modified_time":"2023-05-07T20:44:47+00:00","og_image":[{"width":1000,"height":1000,"url":"https:\/\/telttamaailma.fi\/wp-content\/uploads\/2023\/03\/hex-punane-star-telk.jpg","type":"image\/jpeg"}],"twitter_card":"summary_large_image","schema":{"@context":"https:\/\/schema.org","@graph":[{"@type":"WebPage","@id":"https:\/\/telttamaailma.fi\/tuotteet\/star-kaksimastoinen\/","url":"https:\/\/telttamaailma.fi\/tuotteet\/star-kaksimastoinen\/","name":"Star-t\u00e4lt Tv\u00e5 st\u00e4nger - Telttamaailma OY","isPartOf":{"@id":"https:\/\/telttamaailma.fi\/#website"},"primaryImageOfPage":{"@id":"https:\/\/telttamaailma.fi\/tuotteet\/star-kaksimastoinen\/#primaryimage"},"image":{"@id":"https:\/\/telttamaailma.fi\/tuotteet\/star-kaksimastoinen\/#primaryimage"},"thumbnailUrl":"https:\/\/telttamaailma.fi\/wp-content\/uploads\/2023\/03\/hex-punane-star-telk.jpg","datePublished":"2023-04-07T07:10:57+00:00","dateModified":"2023-05-07T20:44:47+00:00","breadcrumb":{"@id":"https:\/\/telttamaailma.fi\/tuotteet\/star-kaksimastoinen\/#breadcrumb"},"inLanguage":"sv-SE","potentialAction":[{"@type":"ReadAction","target":["https:\/\/telttamaailma.fi\/tuotteet\/star-kaksimastoinen\/"]}]},{"@type":"ImageObject","inLanguage":"sv-SE","@id":"https:\/\/telttamaailma.fi\/tuotteet\/star-kaksimastoinen\/#primaryimage","url":"https:\/\/telttamaailma.fi\/wp-content\/uploads\/2023\/03\/hex-punane-star-telk.jpg","contentUrl":"https:\/\/telttamaailma.fi\/wp-content\/uploads\/2023\/03\/hex-punane-star-telk.jpg","width":1000,"height":1000},{"@type":"BreadcrumbList","@id":"https:\/\/telttamaailma.fi\/tuotteet\/star-kaksimastoinen\/#breadcrumb","itemListElement":[{"@type":"ListItem","position":1,"name":"Tooted","item":"https:\/\/telttamaailma.fi\/et\/tooted\/"},{"@type":"ListItem","position":2,"name":"Star-t\u00e4lt Tv\u00e5 st\u00e4nger"}]},{"@type":"WebSite","@id":"https:\/\/telttamaailma.fi\/#website","url":"https:\/\/telttamaailma.fi\/","name":"Telttamaailma OY","description":"","publisher":{"@id":"https:\/\/telttamaailma.fi\/#organization"},"potentialAction":[{"@type":"SearchAction","target":{"@type":"EntryPoint","urlTemplate":"https:\/\/telttamaailma.fi\/?s={search_term_string}"},"query-input":{"@type":"PropertyValueSpecification","valueRequired":true,"valueName":"search_term_string"}}],"inLanguage":"sv-SE"},{"@type":"Organization","@id":"https:\/\/telttamaailma.fi\/#organization","name":"Telttamaailma OY","url":"https:\/\/telttamaailma.fi\/","logo":{"@type":"ImageObject","inLanguage":"sv-SE","@id":"https:\/\/telttamaailma.fi\/#\/schema\/logo\/image\/","url":"https:\/\/telttamaailma.fi\/wp-content\/uploads\/2023\/02\/tentest-ikoon-512x512-hall.png","contentUrl":"https:\/\/telttamaailma.fi\/wp-content\/uploads\/2023\/02\/tentest-ikoon-512x512-hall.png","width":512,"height":512,"caption":"Telttamaailma OY"},"image":{"@id":"https:\/\/telttamaailma.fi\/#\/schema\/logo\/image\/"}}]}},"wcpa_form_fields":null,"_links":{"self":[{"href":"https:\/\/telttamaailma.fi\/sv\/wp-json\/wp\/v2\/product\/13225","targetHints":{"allow":["GET"]}}],"collection":[{"href":"https:\/\/telttamaailma.fi\/sv\/wp-json\/wp\/v2\/product"}],"about":[{"href":"https:\/\/telttamaailma.fi\/sv\/wp-json\/wp\/v2\/types\/product"}],"wp:featuredmedia":[{"embeddable":true,"href":"https:\/\/telttamaailma.fi\/sv\/wp-json\/wp\/v2\/media\/10758"}],"wp:attachment":[{"href":"https:\/\/telttamaailma.fi\/sv\/wp-json\/wp\/v2\/media?parent=13225"}],"wp:term":[{"taxonomy":"product_brand","embeddable":true,"href":"https:\/\/telttamaailma.fi\/sv\/wp-json\/wp\/v2\/product_brand?post=13225"},{"taxonomy":"product_cat","embeddable":true,"href":"https:\/\/telttamaailma.fi\/sv\/wp-json\/wp\/v2\/product_cat?post=13225"},{"taxonomy":"product_tag","embeddable":true,"href":"https:\/\/telttamaailma.fi\/sv\/wp-json\/wp\/v2\/product_tag?post=13225"}],"curies":[{"name":"wp","href":"https:\/\/api.w.org\/{rel}","templated":true}]}}