{"id":13236,"date":"2023-03-05T11:30:47","date_gmt":"2023-03-05T11:30:47","guid":{"rendered":"https:\/\/telttamaailma.fi\/tuottet\/bonsackar\/"},"modified":"2023-03-05T11:30:47","modified_gmt":"2023-03-05T11:30:47","slug":"bonsackar","status":"publish","type":"product","link":"https:\/\/telttamaailma.fi\/sv\/tuotteet\/bonsackar\/","title":{"rendered":"B\u00f6ns\u00e4ckar"},"content":{"rendered":"<p><strong>Duk<\/strong>: polyesterduk 250 g\/m2, vatten-, flam- och UV-s\u00e4ker<\/p>\n<p><strong>Modeller:<br \/>\n<\/strong>: B\u00f6ns\u00e4cken &#8220;\u00c4pple&#8221;: h\u00f6jd 1,0 m, \u00d8 1,0 m<br \/>\nB\u00f6ns\u00e4cken &#8220;Kudde&#8221;: h\u00f6jd 1,2 m, bredd 1,2 m<br \/>\nB\u00f6ns\u00e4cken &#8220;P\u00e4ron&#8221;: h\u00f6jd 1,3 m, \u00d8 0,9 m<\/p>\n","protected":false},"excerpt":{"rendered":"<ul>\n<li><strong>Det nya fyllnadsmaterialet g\u00f6r att v\u00e5ra b\u00f6ns\u00e4ckar naturligt anpassar sig till vilken kroppsform som helst vilket ger ultimat komfort.<\/strong><\/li>\n<li>Polystyrenskumkulorna ligger s\u00e4kert i en inre s\u00e4ck som h\u00e5ller produkten hel.<\/li>\n<li>Polyesterkl\u00e4dselmaterialet \u00e4r l\u00e4ttsk\u00f6tt.<\/li>\n<li>V\u00e5rt sortiment inneh\u00e5ller tre modeller.<\/li>\n<li>Alla kan anv\u00e4ndas utomhus.<\/li>\n<\/ul>\n","protected":false},"featured_media":7200,"template":"","meta":[],"product_brand":[],"product_cat":[580,569],"product_tag":[],"class_list":{"0":"post-13236","1":"product","2":"type-product","3":"status-publish","4":"has-post-thumbnail","6":"product_cat-bonsackar","7":"product_cat-mobler","9":"first","10":"instock","11":"shipping-taxable","12":"purchasable","13":"product-type-simple"},"yoast_head":"<!-- This site is optimized with the Yoast SEO plugin v26.2 - https:\/\/yoast.com\/wordpress\/plugins\/seo\/ -->\n<title>B\u00f6ns\u00e4ckar - Telttamaailma OY<\/title>\n<meta name=\"robots\" content=\"index, follow, max-snippet:-1, max-image-preview:large, max-video-preview:-1\" \/>\n<link rel=\"canonical\" href=\"https:\/\/telttamaailma.fi\/tuotteet\/sakkituolit\/\" \/>\n<meta property=\"og:locale\" content=\"sv_SE\" \/>\n<meta property=\"og:type\" content=\"article\" \/>\n<meta property=\"og:title\" content=\"B\u00f6ns\u00e4ckar - Telttamaailma OY\" \/>\n<meta property=\"og:description\" content=\"Det nya fyllnadsmaterialet g\u00f6r att v\u00e5ra b\u00f6ns\u00e4ckar naturligt anpassar sig till vilken kroppsform som helst vilket ger ultimat komfort.  Polystyrenskumkulorna ligger s\u00e4kert i en inre s\u00e4ck som h\u00e5ller produkten hel.  Polyesterkl\u00e4dselmaterialet \u00e4r l\u00e4ttsk\u00f6tt.  V\u00e5rt sortiment inneh\u00e5ller tre modeller.  Alla kan anv\u00e4ndas utomhus.\" \/>\n<meta property=\"og:url\" content=\"https:\/\/telttamaailma.fi\/tuotteet\/sakkituolit\/\" \/>\n<meta property=\"og:site_name\" content=\"Telttamaailma OY\" \/>\n<meta property=\"og:image\" content=\"https:\/\/telttamaailma.fi\/wp-content\/uploads\/2023\/03\/kott-tool-transferwise.jpg\" \/>\n\t<meta property=\"og:image:width\" content=\"720\" \/>\n\t<meta property=\"og:image:height\" content=\"540\" \/>\n\t<meta property=\"og:image:type\" content=\"image\/jpeg\" \/>\n<meta name=\"twitter:card\" content=\"summary_large_image\" \/>\n<!-- \/ Yoast SEO plugin. -->","yoast_head_json":{"title":"B\u00f6ns\u00e4ckar - Telttamaailma OY","robots":{"index":"index","follow":"follow","max-snippet":"max-snippet:-1","max-image-preview":"max-image-preview:large","max-video-preview":"max-video-preview:-1"},"canonical":"https:\/\/telttamaailma.fi\/tuotteet\/sakkituolit\/","og_locale":"sv_SE","og_type":"article","og_title":"B\u00f6ns\u00e4ckar - Telttamaailma OY","og_description":"Det nya fyllnadsmaterialet g\u00f6r att v\u00e5ra b\u00f6ns\u00e4ckar naturligt anpassar sig till vilken kroppsform som helst vilket ger ultimat komfort.  Polystyrenskumkulorna ligger s\u00e4kert i en inre s\u00e4ck som h\u00e5ller produkten hel.  Polyesterkl\u00e4dselmaterialet \u00e4r l\u00e4ttsk\u00f6tt.  V\u00e5rt sortiment inneh\u00e5ller tre modeller.  Alla kan anv\u00e4ndas utomhus.","og_url":"https:\/\/telttamaailma.fi\/tuotteet\/sakkituolit\/","og_site_name":"Telttamaailma OY","og_image":[{"width":720,"height":540,"url":"https:\/\/telttamaailma.fi\/wp-content\/uploads\/2023\/03\/kott-tool-transferwise.jpg","type":"image\/jpeg"}],"twitter_card":"summary_large_image","schema":{"@context":"https:\/\/schema.org","@graph":[{"@type":"WebPage","@id":"https:\/\/telttamaailma.fi\/tuotteet\/sakkituolit\/","url":"https:\/\/telttamaailma.fi\/tuotteet\/sakkituolit\/","name":"B\u00f6ns\u00e4ckar - Telttamaailma OY","isPartOf":{"@id":"https:\/\/telttamaailma.fi\/#website"},"primaryImageOfPage":{"@id":"https:\/\/telttamaailma.fi\/tuotteet\/sakkituolit\/#primaryimage"},"image":{"@id":"https:\/\/telttamaailma.fi\/tuotteet\/sakkituolit\/#primaryimage"},"thumbnailUrl":"https:\/\/telttamaailma.fi\/wp-content\/uploads\/2023\/03\/kott-tool-transferwise.jpg","datePublished":"2023-03-05T11:30:47+00:00","breadcrumb":{"@id":"https:\/\/telttamaailma.fi\/tuotteet\/sakkituolit\/#breadcrumb"},"inLanguage":"sv-SE","potentialAction":[{"@type":"ReadAction","target":["https:\/\/telttamaailma.fi\/tuotteet\/sakkituolit\/"]}]},{"@type":"ImageObject","inLanguage":"sv-SE","@id":"https:\/\/telttamaailma.fi\/tuotteet\/sakkituolit\/#primaryimage","url":"https:\/\/telttamaailma.fi\/wp-content\/uploads\/2023\/03\/kott-tool-transferwise.jpg","contentUrl":"https:\/\/telttamaailma.fi\/wp-content\/uploads\/2023\/03\/kott-tool-transferwise.jpg","width":720,"height":540},{"@type":"BreadcrumbList","@id":"https:\/\/telttamaailma.fi\/tuotteet\/sakkituolit\/#breadcrumb","itemListElement":[{"@type":"ListItem","position":1,"name":"Tooted","item":"https:\/\/telttamaailma.fi\/et\/tooted\/"},{"@type":"ListItem","position":2,"name":"B\u00f6ns\u00e4ckar"}]},{"@type":"WebSite","@id":"https:\/\/telttamaailma.fi\/#website","url":"https:\/\/telttamaailma.fi\/","name":"Telttamaailma OY","description":"","publisher":{"@id":"https:\/\/telttamaailma.fi\/#organization"},"potentialAction":[{"@type":"SearchAction","target":{"@type":"EntryPoint","urlTemplate":"https:\/\/telttamaailma.fi\/?s={search_term_string}"},"query-input":{"@type":"PropertyValueSpecification","valueRequired":true,"valueName":"search_term_string"}}],"inLanguage":"sv-SE"},{"@type":"Organization","@id":"https:\/\/telttamaailma.fi\/#organization","name":"Telttamaailma OY","url":"https:\/\/telttamaailma.fi\/","logo":{"@type":"ImageObject","inLanguage":"sv-SE","@id":"https:\/\/telttamaailma.fi\/#\/schema\/logo\/image\/","url":"https:\/\/telttamaailma.fi\/wp-content\/uploads\/2023\/02\/tentest-ikoon-512x512-hall.png","contentUrl":"https:\/\/telttamaailma.fi\/wp-content\/uploads\/2023\/02\/tentest-ikoon-512x512-hall.png","width":512,"height":512,"caption":"Telttamaailma OY"},"image":{"@id":"https:\/\/telttamaailma.fi\/#\/schema\/logo\/image\/"}}]}},"wcpa_form_fields":null,"_links":{"self":[{"href":"https:\/\/telttamaailma.fi\/sv\/wp-json\/wp\/v2\/product\/13236","targetHints":{"allow":["GET"]}}],"collection":[{"href":"https:\/\/telttamaailma.fi\/sv\/wp-json\/wp\/v2\/product"}],"about":[{"href":"https:\/\/telttamaailma.fi\/sv\/wp-json\/wp\/v2\/types\/product"}],"wp:featuredmedia":[{"embeddable":true,"href":"https:\/\/telttamaailma.fi\/sv\/wp-json\/wp\/v2\/media\/7200"}],"wp:attachment":[{"href":"https:\/\/telttamaailma.fi\/sv\/wp-json\/wp\/v2\/media?parent=13236"}],"wp:term":[{"taxonomy":"product_brand","embeddable":true,"href":"https:\/\/telttamaailma.fi\/sv\/wp-json\/wp\/v2\/product_brand?post=13236"},{"taxonomy":"product_cat","embeddable":true,"href":"https:\/\/telttamaailma.fi\/sv\/wp-json\/wp\/v2\/product_cat?post=13236"},{"taxonomy":"product_tag","embeddable":true,"href":"https:\/\/telttamaailma.fi\/sv\/wp-json\/wp\/v2\/product_tag?post=13236"}],"curies":[{"name":"wp","href":"https:\/\/api.w.org\/{rel}","templated":true}]}}