{"id":13237,"date":"2023-03-05T11:24:01","date_gmt":"2023-03-05T11:24:01","guid":{"rendered":"https:\/\/telttamaailma.fi\/tuottet\/hopfallbara-mobler\/"},"modified":"2023-03-05T11:24:01","modified_gmt":"2023-03-05T11:24:01","slug":"hopfallbara-mobler","status":"publish","type":"product","link":"https:\/\/telttamaailma.fi\/sv\/tuotteet\/hopfallbara-mobler\/","title":{"rendered":"Hopf\u00e4llbara m\u00f6bler"},"content":{"rendered":"<p><strong>Setet inneh\u00e5ller:<\/strong><br \/>\nBord \u2013 1 st.<br \/>\nStolar \u2013 4 st.<\/p>\n<p><strong>Bordsm\u00e5tt<\/strong>: 183 \u00d7 74 \u00d7 73 cm<br \/>\n<strong>Stolm\u00e5tt<\/strong>: 45 \u00d7 46 \u00d7 87 cm<\/p>\n","protected":false},"excerpt":{"rendered":"<ul>\n<li><strong>V\u00e5rt produktsortiment inneh\u00e5ller hopf\u00e4llbara utem\u00f6bler vilka \u00e4r en bekv\u00e4m l\u00f6sning n\u00e4r man organiserar olika evenemang och ett perfekt tillbeh\u00f6r till v\u00e5ra t\u00e4lt.<\/strong><\/li>\n<li>Hopf\u00e4llbara m\u00f6bler tar liten plats och kan bekv\u00e4mt transporteras i bagageutrymmet p\u00e5 din bil.<\/li>\n<\/ul>\n","protected":false},"featured_media":7165,"template":"","meta":[],"product_brand":[],"product_cat":[581,569],"product_tag":[],"class_list":{"0":"post-13237","1":"product","2":"type-product","3":"status-publish","4":"has-post-thumbnail","6":"product_cat-hopfallbara-mobler","7":"product_cat-mobler","8":"wcpa_has_options","10":"first","11":"instock","12":"shipping-taxable","13":"purchasable","14":"product-type-simple"},"yoast_head":"<!-- This site is optimized with the Yoast SEO plugin v26.2 - https:\/\/yoast.com\/wordpress\/plugins\/seo\/ -->\n<title>Hopf\u00e4llbara m\u00f6bler - Telttamaailma OY<\/title>\n<meta name=\"robots\" content=\"index, follow, max-snippet:-1, max-image-preview:large, max-video-preview:-1\" \/>\n<link rel=\"canonical\" href=\"https:\/\/telttamaailma.fi\/tuotteet\/taittokalusteet\/\" \/>\n<meta property=\"og:locale\" content=\"sv_SE\" \/>\n<meta property=\"og:type\" content=\"article\" \/>\n<meta property=\"og:title\" content=\"Hopf\u00e4llbara m\u00f6bler - Telttamaailma OY\" \/>\n<meta property=\"og:description\" content=\"V\u00e5rt produktsortiment inneh\u00e5ller hopf\u00e4llbara utem\u00f6bler vilka \u00e4r en bekv\u00e4m l\u00f6sning n\u00e4r man organiserar olika evenemang och ett perfekt tillbeh\u00f6r till v\u00e5ra t\u00e4lt.  Hopf\u00e4llbara m\u00f6bler tar liten plats och kan bekv\u00e4mt transporteras i bagageutrymmet p\u00e5 din bil.\" \/>\n<meta property=\"og:url\" content=\"https:\/\/telttamaailma.fi\/tuotteet\/taittokalusteet\/\" \/>\n<meta property=\"og:site_name\" content=\"Telttamaailma OY\" \/>\n<meta property=\"og:image\" content=\"https:\/\/telttamaailma.fi\/wp-content\/uploads\/2023\/03\/kokkupandav-moobel-1.jpg\" \/>\n\t<meta property=\"og:image:width\" content=\"1000\" \/>\n\t<meta property=\"og:image:height\" content=\"1000\" \/>\n\t<meta property=\"og:image:type\" content=\"image\/jpeg\" \/>\n<meta name=\"twitter:card\" content=\"summary_large_image\" \/>\n<!-- \/ Yoast SEO plugin. -->","yoast_head_json":{"title":"Hopf\u00e4llbara m\u00f6bler - Telttamaailma OY","robots":{"index":"index","follow":"follow","max-snippet":"max-snippet:-1","max-image-preview":"max-image-preview:large","max-video-preview":"max-video-preview:-1"},"canonical":"https:\/\/telttamaailma.fi\/tuotteet\/taittokalusteet\/","og_locale":"sv_SE","og_type":"article","og_title":"Hopf\u00e4llbara m\u00f6bler - Telttamaailma OY","og_description":"V\u00e5rt produktsortiment inneh\u00e5ller hopf\u00e4llbara utem\u00f6bler vilka \u00e4r en bekv\u00e4m l\u00f6sning n\u00e4r man organiserar olika evenemang och ett perfekt tillbeh\u00f6r till v\u00e5ra t\u00e4lt.  Hopf\u00e4llbara m\u00f6bler tar liten plats och kan bekv\u00e4mt transporteras i bagageutrymmet p\u00e5 din bil.","og_url":"https:\/\/telttamaailma.fi\/tuotteet\/taittokalusteet\/","og_site_name":"Telttamaailma OY","og_image":[{"width":1000,"height":1000,"url":"https:\/\/telttamaailma.fi\/wp-content\/uploads\/2023\/03\/kokkupandav-moobel-1.jpg","type":"image\/jpeg"}],"twitter_card":"summary_large_image","schema":{"@context":"https:\/\/schema.org","@graph":[{"@type":"WebPage","@id":"https:\/\/telttamaailma.fi\/tuotteet\/taittokalusteet\/","url":"https:\/\/telttamaailma.fi\/tuotteet\/taittokalusteet\/","name":"Hopf\u00e4llbara m\u00f6bler - Telttamaailma OY","isPartOf":{"@id":"https:\/\/telttamaailma.fi\/#website"},"primaryImageOfPage":{"@id":"https:\/\/telttamaailma.fi\/tuotteet\/taittokalusteet\/#primaryimage"},"image":{"@id":"https:\/\/telttamaailma.fi\/tuotteet\/taittokalusteet\/#primaryimage"},"thumbnailUrl":"https:\/\/telttamaailma.fi\/wp-content\/uploads\/2023\/03\/kokkupandav-moobel-1.jpg","datePublished":"2023-03-05T11:24:01+00:00","breadcrumb":{"@id":"https:\/\/telttamaailma.fi\/tuotteet\/taittokalusteet\/#breadcrumb"},"inLanguage":"sv-SE","potentialAction":[{"@type":"ReadAction","target":["https:\/\/telttamaailma.fi\/tuotteet\/taittokalusteet\/"]}]},{"@type":"ImageObject","inLanguage":"sv-SE","@id":"https:\/\/telttamaailma.fi\/tuotteet\/taittokalusteet\/#primaryimage","url":"https:\/\/telttamaailma.fi\/wp-content\/uploads\/2023\/03\/kokkupandav-moobel-1.jpg","contentUrl":"https:\/\/telttamaailma.fi\/wp-content\/uploads\/2023\/03\/kokkupandav-moobel-1.jpg","width":1000,"height":1000},{"@type":"BreadcrumbList","@id":"https:\/\/telttamaailma.fi\/tuotteet\/taittokalusteet\/#breadcrumb","itemListElement":[{"@type":"ListItem","position":1,"name":"Tooted","item":"https:\/\/telttamaailma.fi\/et\/tooted\/"},{"@type":"ListItem","position":2,"name":"Hopf\u00e4llbara m\u00f6bler"}]},{"@type":"WebSite","@id":"https:\/\/telttamaailma.fi\/#website","url":"https:\/\/telttamaailma.fi\/","name":"Telttamaailma OY","description":"","publisher":{"@id":"https:\/\/telttamaailma.fi\/#organization"},"potentialAction":[{"@type":"SearchAction","target":{"@type":"EntryPoint","urlTemplate":"https:\/\/telttamaailma.fi\/?s={search_term_string}"},"query-input":{"@type":"PropertyValueSpecification","valueRequired":true,"valueName":"search_term_string"}}],"inLanguage":"sv-SE"},{"@type":"Organization","@id":"https:\/\/telttamaailma.fi\/#organization","name":"Telttamaailma OY","url":"https:\/\/telttamaailma.fi\/","logo":{"@type":"ImageObject","inLanguage":"sv-SE","@id":"https:\/\/telttamaailma.fi\/#\/schema\/logo\/image\/","url":"https:\/\/telttamaailma.fi\/wp-content\/uploads\/2023\/02\/tentest-ikoon-512x512-hall.png","contentUrl":"https:\/\/telttamaailma.fi\/wp-content\/uploads\/2023\/02\/tentest-ikoon-512x512-hall.png","width":512,"height":512,"caption":"Telttamaailma OY"},"image":{"@id":"https:\/\/telttamaailma.fi\/#\/schema\/logo\/image\/"}}]}},"wcpa_form_fields":null,"_links":{"self":[{"href":"https:\/\/telttamaailma.fi\/sv\/wp-json\/wp\/v2\/product\/13237","targetHints":{"allow":["GET"]}}],"collection":[{"href":"https:\/\/telttamaailma.fi\/sv\/wp-json\/wp\/v2\/product"}],"about":[{"href":"https:\/\/telttamaailma.fi\/sv\/wp-json\/wp\/v2\/types\/product"}],"wp:featuredmedia":[{"embeddable":true,"href":"https:\/\/telttamaailma.fi\/sv\/wp-json\/wp\/v2\/media\/7165"}],"wp:attachment":[{"href":"https:\/\/telttamaailma.fi\/sv\/wp-json\/wp\/v2\/media?parent=13237"}],"wp:term":[{"taxonomy":"product_brand","embeddable":true,"href":"https:\/\/telttamaailma.fi\/sv\/wp-json\/wp\/v2\/product_brand?post=13237"},{"taxonomy":"product_cat","embeddable":true,"href":"https:\/\/telttamaailma.fi\/sv\/wp-json\/wp\/v2\/product_cat?post=13237"},{"taxonomy":"product_tag","embeddable":true,"href":"https:\/\/telttamaailma.fi\/sv\/wp-json\/wp\/v2\/product_tag?post=13237"}],"curies":[{"name":"wp","href":"https:\/\/api.w.org\/{rel}","templated":true}]}}