{"id":13238,"date":"2023-03-05T11:16:18","date_gmt":"2023-03-05T11:16:18","guid":{"rendered":"https:\/\/telttamaailma.fi\/tuottet\/oltradgardsmobler\/"},"modified":"2023-03-05T11:16:18","modified_gmt":"2023-03-05T11:16:18","slug":"oltradgardsmobler","status":"publish","type":"product","link":"https:\/\/telttamaailma.fi\/sv\/tuotteet\/oltradgardsmobler\/","title":{"rendered":"\u00d6ltr\u00e4dg\u00e5rdsm\u00f6bler"},"content":{"rendered":"<p><strong>Setet inneh\u00e5ller: ett bord + tv\u00e5 b\u00e4nkar<\/strong><br \/>\nBordsm\u00e5tt: 220 \u00d7 50 cm<br \/>\nB\u00e4nkm\u00e5tt: 220 \u00d7 25 cm<\/p>\n","protected":false},"excerpt":{"rendered":"<ul>\n<li><strong>V\u00e5rt sortiment inneh\u00e5ller klassiska tyska b\u00e4nkset till olika utomhusevenemang. M\u00f6blerna kan tryckas eller graveras. B\u00e4nkseten l\u00e4mpar sig ocks\u00e5 f\u00f6r yrkesm\u00e4ssig anv\u00e4ndning. Vi kan tillhandah\u00e5lla en container f\u00f6r transport och f\u00f6rvaring av st\u00f6rre m\u00e4ngder.<\/strong><\/li>\n<\/ul>\n","protected":false},"featured_media":7140,"template":"","meta":[],"product_brand":[],"product_cat":[569,572],"product_tag":[],"class_list":{"0":"post-13238","1":"product","2":"type-product","3":"status-publish","4":"has-post-thumbnail","6":"product_cat-mobler","7":"product_cat-oltradgardsmobler","9":"first","10":"instock","11":"shipping-taxable","12":"purchasable","13":"product-type-simple"},"yoast_head":"<!-- This site is optimized with the Yoast SEO plugin v26.2 - https:\/\/yoast.com\/wordpress\/plugins\/seo\/ -->\n<title>\u00d6ltr\u00e4dg\u00e5rdsm\u00f6bler - Telttamaailma OY<\/title>\n<meta name=\"robots\" content=\"index, follow, max-snippet:-1, max-image-preview:large, max-video-preview:-1\" \/>\n<link rel=\"canonical\" href=\"https:\/\/telttamaailma.fi\/sv\/tuotteet\/oltradgardsmobler\/\" \/>\n<meta property=\"og:locale\" content=\"sv_SE\" \/>\n<meta property=\"og:type\" content=\"article\" \/>\n<meta property=\"og:title\" content=\"\u00d6ltr\u00e4dg\u00e5rdsm\u00f6bler - Telttamaailma OY\" \/>\n<meta property=\"og:description\" content=\"V\u00e5rt sortiment inneh\u00e5ller klassiska tyska b\u00e4nkset till olika utomhusevenemang. M\u00f6blerna kan tryckas eller graveras. B\u00e4nkseten l\u00e4mpar sig ocks\u00e5 f\u00f6r yrkesm\u00e4ssig anv\u00e4ndning. Vi kan tillhandah\u00e5lla en container f\u00f6r transport och f\u00f6rvaring av st\u00f6rre m\u00e4ngder.\" \/>\n<meta property=\"og:url\" content=\"https:\/\/telttamaailma.fi\/sv\/tuotteet\/oltradgardsmobler\/\" \/>\n<meta property=\"og:site_name\" content=\"Telttamaailma OY\" \/>\n<meta property=\"og:image\" content=\"https:\/\/telttamaailma.fi\/wp-content\/uploads\/2023\/03\/ollemoobel-festivalimoobel-1.jpg\" \/>\n\t<meta property=\"og:image:width\" content=\"1000\" \/>\n\t<meta property=\"og:image:height\" content=\"1000\" \/>\n\t<meta property=\"og:image:type\" content=\"image\/jpeg\" \/>\n<meta name=\"twitter:card\" content=\"summary_large_image\" \/>\n<!-- \/ Yoast SEO plugin. -->","yoast_head_json":{"title":"\u00d6ltr\u00e4dg\u00e5rdsm\u00f6bler - Telttamaailma OY","robots":{"index":"index","follow":"follow","max-snippet":"max-snippet:-1","max-image-preview":"max-image-preview:large","max-video-preview":"max-video-preview:-1"},"canonical":"https:\/\/telttamaailma.fi\/sv\/tuotteet\/oltradgardsmobler\/","og_locale":"sv_SE","og_type":"article","og_title":"\u00d6ltr\u00e4dg\u00e5rdsm\u00f6bler - Telttamaailma OY","og_description":"V\u00e5rt sortiment inneh\u00e5ller klassiska tyska b\u00e4nkset till olika utomhusevenemang. M\u00f6blerna kan tryckas eller graveras. B\u00e4nkseten l\u00e4mpar sig ocks\u00e5 f\u00f6r yrkesm\u00e4ssig anv\u00e4ndning. Vi kan tillhandah\u00e5lla en container f\u00f6r transport och f\u00f6rvaring av st\u00f6rre m\u00e4ngder.","og_url":"https:\/\/telttamaailma.fi\/sv\/tuotteet\/oltradgardsmobler\/","og_site_name":"Telttamaailma OY","og_image":[{"width":1000,"height":1000,"url":"https:\/\/telttamaailma.fi\/wp-content\/uploads\/2023\/03\/ollemoobel-festivalimoobel-1.jpg","type":"image\/jpeg"}],"twitter_card":"summary_large_image","schema":{"@context":"https:\/\/schema.org","@graph":[{"@type":"WebPage","@id":"https:\/\/telttamaailma.fi\/sv\/tuotteet\/oltradgardsmobler\/","url":"https:\/\/telttamaailma.fi\/sv\/tuotteet\/oltradgardsmobler\/","name":"\u00d6ltr\u00e4dg\u00e5rdsm\u00f6bler - Telttamaailma OY","isPartOf":{"@id":"https:\/\/telttamaailma.fi\/#website"},"primaryImageOfPage":{"@id":"https:\/\/telttamaailma.fi\/sv\/tuotteet\/oltradgardsmobler\/#primaryimage"},"image":{"@id":"https:\/\/telttamaailma.fi\/sv\/tuotteet\/oltradgardsmobler\/#primaryimage"},"thumbnailUrl":"https:\/\/telttamaailma.fi\/wp-content\/uploads\/2023\/03\/ollemoobel-festivalimoobel-1.jpg","datePublished":"2023-03-05T11:16:18+00:00","breadcrumb":{"@id":"https:\/\/telttamaailma.fi\/sv\/tuotteet\/oltradgardsmobler\/#breadcrumb"},"inLanguage":"sv-SE","potentialAction":[{"@type":"ReadAction","target":["https:\/\/telttamaailma.fi\/sv\/tuotteet\/oltradgardsmobler\/"]}]},{"@type":"ImageObject","inLanguage":"sv-SE","@id":"https:\/\/telttamaailma.fi\/sv\/tuotteet\/oltradgardsmobler\/#primaryimage","url":"https:\/\/telttamaailma.fi\/wp-content\/uploads\/2023\/03\/ollemoobel-festivalimoobel-1.jpg","contentUrl":"https:\/\/telttamaailma.fi\/wp-content\/uploads\/2023\/03\/ollemoobel-festivalimoobel-1.jpg","width":1000,"height":1000,"caption":"Oluttelttakalusteet"},{"@type":"BreadcrumbList","@id":"https:\/\/telttamaailma.fi\/sv\/tuotteet\/oltradgardsmobler\/#breadcrumb","itemListElement":[{"@type":"ListItem","position":1,"name":"Tooted","item":"https:\/\/telttamaailma.fi\/et\/tooted\/"},{"@type":"ListItem","position":2,"name":"\u00d6ltr\u00e4dg\u00e5rdsm\u00f6bler"}]},{"@type":"WebSite","@id":"https:\/\/telttamaailma.fi\/#website","url":"https:\/\/telttamaailma.fi\/","name":"Telttamaailma OY","description":"","publisher":{"@id":"https:\/\/telttamaailma.fi\/#organization"},"potentialAction":[{"@type":"SearchAction","target":{"@type":"EntryPoint","urlTemplate":"https:\/\/telttamaailma.fi\/?s={search_term_string}"},"query-input":{"@type":"PropertyValueSpecification","valueRequired":true,"valueName":"search_term_string"}}],"inLanguage":"sv-SE"},{"@type":"Organization","@id":"https:\/\/telttamaailma.fi\/#organization","name":"Telttamaailma OY","url":"https:\/\/telttamaailma.fi\/","logo":{"@type":"ImageObject","inLanguage":"sv-SE","@id":"https:\/\/telttamaailma.fi\/#\/schema\/logo\/image\/","url":"https:\/\/telttamaailma.fi\/wp-content\/uploads\/2023\/02\/tentest-ikoon-512x512-hall.png","contentUrl":"https:\/\/telttamaailma.fi\/wp-content\/uploads\/2023\/02\/tentest-ikoon-512x512-hall.png","width":512,"height":512,"caption":"Telttamaailma OY"},"image":{"@id":"https:\/\/telttamaailma.fi\/#\/schema\/logo\/image\/"}}]}},"wcpa_form_fields":null,"_links":{"self":[{"href":"https:\/\/telttamaailma.fi\/sv\/wp-json\/wp\/v2\/product\/13238","targetHints":{"allow":["GET"]}}],"collection":[{"href":"https:\/\/telttamaailma.fi\/sv\/wp-json\/wp\/v2\/product"}],"about":[{"href":"https:\/\/telttamaailma.fi\/sv\/wp-json\/wp\/v2\/types\/product"}],"wp:featuredmedia":[{"embeddable":true,"href":"https:\/\/telttamaailma.fi\/sv\/wp-json\/wp\/v2\/media\/7140"}],"wp:attachment":[{"href":"https:\/\/telttamaailma.fi\/sv\/wp-json\/wp\/v2\/media?parent=13238"}],"wp:term":[{"taxonomy":"product_brand","embeddable":true,"href":"https:\/\/telttamaailma.fi\/sv\/wp-json\/wp\/v2\/product_brand?post=13238"},{"taxonomy":"product_cat","embeddable":true,"href":"https:\/\/telttamaailma.fi\/sv\/wp-json\/wp\/v2\/product_cat?post=13238"},{"taxonomy":"product_tag","embeddable":true,"href":"https:\/\/telttamaailma.fi\/sv\/wp-json\/wp\/v2\/product_tag?post=13238"}],"curies":[{"name":"wp","href":"https:\/\/api.w.org\/{rel}","templated":true}]}}