{"id":13239,"date":"2023-03-05T11:00:42","date_gmt":"2023-03-05T11:00:42","guid":{"rendered":"https:\/\/telttamaailma.fi\/tuottet\/barpall-och-bord\/"},"modified":"2023-03-05T11:00:42","modified_gmt":"2023-03-05T11:00:42","slug":"barpall-och-bord","status":"publish","type":"product","link":"https:\/\/telttamaailma.fi\/sv\/tuotteet\/barpall-och-bord\/","title":{"rendered":"Barpall och bord"},"content":{"rendered":"<p><b><strong>M\u00e5tt<\/strong>: barpallens h\u00f6jd 74 cm, \u00f8 45 cm; bordets h\u00f6jd 107 cm, \u00f8 80 cm<\/b><\/p>\n<p><strong>Vikt<\/strong>: barstol \u2013 10 kg, bord \u2013 18 kg<\/p>\n","protected":false},"excerpt":{"rendered":"<ul>\n<li><strong>V\u00e5ra utem\u00f6bler inneh\u00e5ller \u00e4ven en snabbmonterad barstol och bord.<\/strong><\/li>\n<li>V\u00e5rt sortiment av utem\u00f6bler inkluderar \u00e4ven en barstol och bord som \u00e4r snabba att installera och erbjuder en i\u00f6gonfallande och sl\u00e5ende m\u00f6jlighet att visa upp din produkt, tj\u00e4nst eller ditt varum\u00e4rke.<\/li>\n<li>Du kan \u00e4ven l\u00e4gga till ett strandparasoll till din barpall och bord.<\/li>\n<\/ul>\n","protected":false},"featured_media":7130,"template":"","meta":[],"product_brand":[],"product_cat":[566,569],"product_tag":[],"class_list":{"0":"post-13239","1":"product","2":"type-product","3":"status-publish","4":"has-post-thumbnail","6":"product_cat-barpall-och-bord","7":"product_cat-mobler","9":"first","10":"instock","11":"shipping-taxable","12":"purchasable","13":"product-type-simple"},"yoast_head":"<!-- This site is optimized with the Yoast SEO plugin v26.2 - https:\/\/yoast.com\/wordpress\/plugins\/seo\/ -->\n<title>Barpall och bord - Telttamaailma OY<\/title>\n<meta name=\"robots\" content=\"index, follow, max-snippet:-1, max-image-preview:large, max-video-preview:-1\" \/>\n<link rel=\"canonical\" href=\"https:\/\/telttamaailma.fi\/tuotteet\/baarituoli-ja-poyta\/\" \/>\n<meta property=\"og:locale\" content=\"sv_SE\" \/>\n<meta property=\"og:type\" content=\"article\" \/>\n<meta property=\"og:title\" content=\"Barpall och bord - Telttamaailma OY\" \/>\n<meta property=\"og:description\" content=\"V\u00e5ra utem\u00f6bler inneh\u00e5ller \u00e4ven en snabbmonterad barstol och bord.  V\u00e5rt sortiment av utem\u00f6bler inkluderar \u00e4ven en barstol och bord som \u00e4r snabba att installera och erbjuder en i\u00f6gonfallande och sl\u00e5ende m\u00f6jlighet att visa upp din produkt, tj\u00e4nst eller ditt varum\u00e4rke.  Du kan \u00e4ven l\u00e4gga till ett strandparasoll till din barpall och bord.\" \/>\n<meta property=\"og:url\" content=\"https:\/\/telttamaailma.fi\/tuotteet\/baarituoli-ja-poyta\/\" \/>\n<meta property=\"og:site_name\" content=\"Telttamaailma OY\" \/>\n<meta property=\"og:image\" content=\"https:\/\/telttamaailma.fi\/wp-content\/uploads\/2023\/03\/baaripukk-logoga.jpg\" \/>\n\t<meta property=\"og:image:width\" content=\"1000\" \/>\n\t<meta property=\"og:image:height\" content=\"1000\" \/>\n\t<meta property=\"og:image:type\" content=\"image\/jpeg\" \/>\n<meta name=\"twitter:card\" content=\"summary_large_image\" \/>\n<!-- \/ Yoast SEO plugin. -->","yoast_head_json":{"title":"Barpall och bord - Telttamaailma OY","robots":{"index":"index","follow":"follow","max-snippet":"max-snippet:-1","max-image-preview":"max-image-preview:large","max-video-preview":"max-video-preview:-1"},"canonical":"https:\/\/telttamaailma.fi\/tuotteet\/baarituoli-ja-poyta\/","og_locale":"sv_SE","og_type":"article","og_title":"Barpall och bord - Telttamaailma OY","og_description":"V\u00e5ra utem\u00f6bler inneh\u00e5ller \u00e4ven en snabbmonterad barstol och bord.  V\u00e5rt sortiment av utem\u00f6bler inkluderar \u00e4ven en barstol och bord som \u00e4r snabba att installera och erbjuder en i\u00f6gonfallande och sl\u00e5ende m\u00f6jlighet att visa upp din produkt, tj\u00e4nst eller ditt varum\u00e4rke.  Du kan \u00e4ven l\u00e4gga till ett strandparasoll till din barpall och bord.","og_url":"https:\/\/telttamaailma.fi\/tuotteet\/baarituoli-ja-poyta\/","og_site_name":"Telttamaailma OY","og_image":[{"width":1000,"height":1000,"url":"https:\/\/telttamaailma.fi\/wp-content\/uploads\/2023\/03\/baaripukk-logoga.jpg","type":"image\/jpeg"}],"twitter_card":"summary_large_image","schema":{"@context":"https:\/\/schema.org","@graph":[{"@type":"WebPage","@id":"https:\/\/telttamaailma.fi\/tuotteet\/baarituoli-ja-poyta\/","url":"https:\/\/telttamaailma.fi\/tuotteet\/baarituoli-ja-poyta\/","name":"Barpall och bord - Telttamaailma OY","isPartOf":{"@id":"https:\/\/telttamaailma.fi\/#website"},"primaryImageOfPage":{"@id":"https:\/\/telttamaailma.fi\/tuotteet\/baarituoli-ja-poyta\/#primaryimage"},"image":{"@id":"https:\/\/telttamaailma.fi\/tuotteet\/baarituoli-ja-poyta\/#primaryimage"},"thumbnailUrl":"https:\/\/telttamaailma.fi\/wp-content\/uploads\/2023\/03\/baaripukk-logoga.jpg","datePublished":"2023-03-05T11:00:42+00:00","breadcrumb":{"@id":"https:\/\/telttamaailma.fi\/tuotteet\/baarituoli-ja-poyta\/#breadcrumb"},"inLanguage":"sv-SE","potentialAction":[{"@type":"ReadAction","target":["https:\/\/telttamaailma.fi\/tuotteet\/baarituoli-ja-poyta\/"]}]},{"@type":"ImageObject","inLanguage":"sv-SE","@id":"https:\/\/telttamaailma.fi\/tuotteet\/baarituoli-ja-poyta\/#primaryimage","url":"https:\/\/telttamaailma.fi\/wp-content\/uploads\/2023\/03\/baaripukk-logoga.jpg","contentUrl":"https:\/\/telttamaailma.fi\/wp-content\/uploads\/2023\/03\/baaripukk-logoga.jpg","width":1000,"height":1000},{"@type":"BreadcrumbList","@id":"https:\/\/telttamaailma.fi\/tuotteet\/baarituoli-ja-poyta\/#breadcrumb","itemListElement":[{"@type":"ListItem","position":1,"name":"Tooted","item":"https:\/\/telttamaailma.fi\/et\/tooted\/"},{"@type":"ListItem","position":2,"name":"Barpall och bord"}]},{"@type":"WebSite","@id":"https:\/\/telttamaailma.fi\/#website","url":"https:\/\/telttamaailma.fi\/","name":"Telttamaailma OY","description":"","publisher":{"@id":"https:\/\/telttamaailma.fi\/#organization"},"potentialAction":[{"@type":"SearchAction","target":{"@type":"EntryPoint","urlTemplate":"https:\/\/telttamaailma.fi\/?s={search_term_string}"},"query-input":{"@type":"PropertyValueSpecification","valueRequired":true,"valueName":"search_term_string"}}],"inLanguage":"sv-SE"},{"@type":"Organization","@id":"https:\/\/telttamaailma.fi\/#organization","name":"Telttamaailma OY","url":"https:\/\/telttamaailma.fi\/","logo":{"@type":"ImageObject","inLanguage":"sv-SE","@id":"https:\/\/telttamaailma.fi\/#\/schema\/logo\/image\/","url":"https:\/\/telttamaailma.fi\/wp-content\/uploads\/2023\/02\/tentest-ikoon-512x512-hall.png","contentUrl":"https:\/\/telttamaailma.fi\/wp-content\/uploads\/2023\/02\/tentest-ikoon-512x512-hall.png","width":512,"height":512,"caption":"Telttamaailma OY"},"image":{"@id":"https:\/\/telttamaailma.fi\/#\/schema\/logo\/image\/"}}]}},"wcpa_form_fields":null,"_links":{"self":[{"href":"https:\/\/telttamaailma.fi\/sv\/wp-json\/wp\/v2\/product\/13239","targetHints":{"allow":["GET"]}}],"collection":[{"href":"https:\/\/telttamaailma.fi\/sv\/wp-json\/wp\/v2\/product"}],"about":[{"href":"https:\/\/telttamaailma.fi\/sv\/wp-json\/wp\/v2\/types\/product"}],"wp:featuredmedia":[{"embeddable":true,"href":"https:\/\/telttamaailma.fi\/sv\/wp-json\/wp\/v2\/media\/7130"}],"wp:attachment":[{"href":"https:\/\/telttamaailma.fi\/sv\/wp-json\/wp\/v2\/media?parent=13239"}],"wp:term":[{"taxonomy":"product_brand","embeddable":true,"href":"https:\/\/telttamaailma.fi\/sv\/wp-json\/wp\/v2\/product_brand?post=13239"},{"taxonomy":"product_cat","embeddable":true,"href":"https:\/\/telttamaailma.fi\/sv\/wp-json\/wp\/v2\/product_cat?post=13239"},{"taxonomy":"product_tag","embeddable":true,"href":"https:\/\/telttamaailma.fi\/sv\/wp-json\/wp\/v2\/product_tag?post=13239"}],"curies":[{"name":"wp","href":"https:\/\/api.w.org\/{rel}","templated":true}]}}