{"id":13240,"date":"2023-03-04T19:59:25","date_gmt":"2023-03-04T19:59:25","guid":{"rendered":"https:\/\/telttamaailma.fi\/tuottet\/uppblasbara-talt\/"},"modified":"2023-05-07T21:00:59","modified_gmt":"2023-05-07T21:00:59","slug":"uppblasbara-talt","status":"publish","type":"product","link":"https:\/\/telttamaailma.fi\/sv\/tuotteet\/uppblasbara-talt\/","title":{"rendered":"Uppbl\u00e5sbara t\u00e4lt"},"content":{"rendered":"<p><strong>Kupolt\u00e4lt med 4 ben<\/strong><br \/>\nExterna m\u00e5tt: 5 \u00d7 5 m<br \/>\nH\u00f6jd: 4 m<br \/>\nVikt: ~25 kg<br \/>\nAnv\u00e4ndbart omr\u00e5de: ~20 m\u00b2<\/p>\n<p><strong>Klassiskt t\u00e4lt med 6 ben<\/strong><br \/>\nYttre m\u00e5tt: 6,3 m<br \/>\nH\u00f6jd: 4,2 m<br \/>\nVikt: ~35 kg<br \/>\nAnv\u00e4ndbart omr\u00e5de: ~24 m\u00b2<\/p>\n<p><strong>Kupolt\u00e4lt med 6 ben<\/strong><br \/>\nYttre m\u00e5tt: 8 m<br \/>\nH\u00f6jd: 4,5 m<br \/>\nVikt: 45 kg<br \/>\nAnv\u00e4ndbart omr\u00e5de: ~35 m\u00b2<\/p>\n","protected":false},"excerpt":{"rendered":"<ul>\n<li><strong>Uppbl\u00e5sbara t\u00e4lt med en integrerad kontinuerlig fl\u00e4kt \u00e4r ett snabbt och bekv\u00e4mt s\u00e4tt att kombinera funktionalitet och reklam och l\u00e5ter dig t\u00e4cka ett stort omr\u00e5de.<\/strong><\/li>\n<li>Basmodellsetet inneh\u00e5ller f\u00f6ljande: uppbl\u00e5sbar ram med tak, 4 eller 6 borttagbara sidov\u00e4ggar (beroende p\u00e5 antalet ben) med blixtl\u00e5s, integrerad fl\u00e4kt med kontinuerlig drift, staglinor och beslag, transportv\u00e4ska och bruksanvisning.<\/li>\n<li>Taket \u00e4r tillverkat av vatten-, flam- och UV-s\u00e4ker samt smutsavvisande PCV-belagd polyesterduk.<\/li>\n<\/ul>\n","protected":false},"featured_media":7080,"template":"","meta":[],"product_brand":[],"product_cat":[568,567],"product_tag":[],"class_list":{"0":"post-13240","1":"product","2":"type-product","3":"status-publish","4":"has-post-thumbnail","6":"product_cat-ovriga-talt","7":"product_cat-uppblasbara-talt","8":"wcpa_has_options","10":"first","11":"instock","12":"shipping-taxable","13":"purchasable","14":"product-type-variable"},"yoast_head":"<!-- This site is optimized with the Yoast SEO plugin v26.2 - https:\/\/yoast.com\/wordpress\/plugins\/seo\/ -->\n<title>Uppbl\u00e5sbara t\u00e4lt - Telttamaailma OY<\/title>\n<meta name=\"robots\" content=\"index, follow, max-snippet:-1, max-image-preview:large, max-video-preview:-1\" \/>\n<link rel=\"canonical\" href=\"https:\/\/telttamaailma.fi\/tuotteet\/ilmataytteiset\/\" \/>\n<meta property=\"og:locale\" content=\"sv_SE\" \/>\n<meta property=\"og:type\" content=\"article\" \/>\n<meta property=\"og:title\" content=\"Uppbl\u00e5sbara t\u00e4lt - Telttamaailma OY\" \/>\n<meta property=\"og:description\" content=\"Uppbl\u00e5sbara t\u00e4lt med en integrerad kontinuerlig fl\u00e4kt \u00e4r ett snabbt och bekv\u00e4mt s\u00e4tt att kombinera funktionalitet och reklam och l\u00e5ter dig t\u00e4cka ett stort omr\u00e5de.  Basmodellsetet inneh\u00e5ller f\u00f6ljande: uppbl\u00e5sbar ram med tak, 4 eller 6 borttagbara sidov\u00e4ggar (beroende p\u00e5 antalet ben) med blixtl\u00e5s, integrerad fl\u00e4kt med kontinuerlig drift, staglinor och beslag, transportv\u00e4ska och bruksanvisning.  Taket \u00e4r tillverkat av vatten-, flam- och UV-s\u00e4ker samt smutsavvisande PCV-belagd polyesterduk.\" \/>\n<meta property=\"og:url\" content=\"https:\/\/telttamaailma.fi\/tuotteet\/ilmataytteiset\/\" \/>\n<meta property=\"og:site_name\" content=\"Telttamaailma OY\" \/>\n<meta property=\"article:modified_time\" content=\"2023-05-07T21:00:59+00:00\" \/>\n<meta property=\"og:image\" content=\"https:\/\/telttamaailma.fi\/wp-content\/uploads\/2023\/03\/taispuhutavad-telgid.jpg\" \/>\n\t<meta property=\"og:image:width\" content=\"700\" \/>\n\t<meta property=\"og:image:height\" content=\"466\" \/>\n\t<meta property=\"og:image:type\" content=\"image\/jpeg\" \/>\n<meta name=\"twitter:card\" content=\"summary_large_image\" \/>\n<!-- \/ Yoast SEO plugin. -->","yoast_head_json":{"title":"Uppbl\u00e5sbara t\u00e4lt - Telttamaailma OY","robots":{"index":"index","follow":"follow","max-snippet":"max-snippet:-1","max-image-preview":"max-image-preview:large","max-video-preview":"max-video-preview:-1"},"canonical":"https:\/\/telttamaailma.fi\/tuotteet\/ilmataytteiset\/","og_locale":"sv_SE","og_type":"article","og_title":"Uppbl\u00e5sbara t\u00e4lt - Telttamaailma OY","og_description":"Uppbl\u00e5sbara t\u00e4lt med en integrerad kontinuerlig fl\u00e4kt \u00e4r ett snabbt och bekv\u00e4mt s\u00e4tt att kombinera funktionalitet och reklam och l\u00e5ter dig t\u00e4cka ett stort omr\u00e5de.  Basmodellsetet inneh\u00e5ller f\u00f6ljande: uppbl\u00e5sbar ram med tak, 4 eller 6 borttagbara sidov\u00e4ggar (beroende p\u00e5 antalet ben) med blixtl\u00e5s, integrerad fl\u00e4kt med kontinuerlig drift, staglinor och beslag, transportv\u00e4ska och bruksanvisning.  Taket \u00e4r tillverkat av vatten-, flam- och UV-s\u00e4ker samt smutsavvisande PCV-belagd polyesterduk.","og_url":"https:\/\/telttamaailma.fi\/tuotteet\/ilmataytteiset\/","og_site_name":"Telttamaailma OY","article_modified_time":"2023-05-07T21:00:59+00:00","og_image":[{"width":700,"height":466,"url":"https:\/\/telttamaailma.fi\/wp-content\/uploads\/2023\/03\/taispuhutavad-telgid.jpg","type":"image\/jpeg"}],"twitter_card":"summary_large_image","schema":{"@context":"https:\/\/schema.org","@graph":[{"@type":"WebPage","@id":"https:\/\/telttamaailma.fi\/tuotteet\/ilmataytteiset\/","url":"https:\/\/telttamaailma.fi\/tuotteet\/ilmataytteiset\/","name":"Uppbl\u00e5sbara t\u00e4lt - Telttamaailma OY","isPartOf":{"@id":"https:\/\/telttamaailma.fi\/#website"},"primaryImageOfPage":{"@id":"https:\/\/telttamaailma.fi\/tuotteet\/ilmataytteiset\/#primaryimage"},"image":{"@id":"https:\/\/telttamaailma.fi\/tuotteet\/ilmataytteiset\/#primaryimage"},"thumbnailUrl":"https:\/\/telttamaailma.fi\/wp-content\/uploads\/2023\/03\/taispuhutavad-telgid.jpg","datePublished":"2023-03-04T19:59:25+00:00","dateModified":"2023-05-07T21:00:59+00:00","breadcrumb":{"@id":"https:\/\/telttamaailma.fi\/tuotteet\/ilmataytteiset\/#breadcrumb"},"inLanguage":"sv-SE","potentialAction":[{"@type":"ReadAction","target":["https:\/\/telttamaailma.fi\/tuotteet\/ilmataytteiset\/"]}]},{"@type":"ImageObject","inLanguage":"sv-SE","@id":"https:\/\/telttamaailma.fi\/tuotteet\/ilmataytteiset\/#primaryimage","url":"https:\/\/telttamaailma.fi\/wp-content\/uploads\/2023\/03\/taispuhutavad-telgid.jpg","contentUrl":"https:\/\/telttamaailma.fi\/wp-content\/uploads\/2023\/03\/taispuhutavad-telgid.jpg","width":700,"height":466},{"@type":"BreadcrumbList","@id":"https:\/\/telttamaailma.fi\/tuotteet\/ilmataytteiset\/#breadcrumb","itemListElement":[{"@type":"ListItem","position":1,"name":"Tooted","item":"https:\/\/telttamaailma.fi\/et\/tooted\/"},{"@type":"ListItem","position":2,"name":"Uppbl\u00e5sbara t\u00e4lt"}]},{"@type":"WebSite","@id":"https:\/\/telttamaailma.fi\/#website","url":"https:\/\/telttamaailma.fi\/","name":"Telttamaailma OY","description":"","publisher":{"@id":"https:\/\/telttamaailma.fi\/#organization"},"potentialAction":[{"@type":"SearchAction","target":{"@type":"EntryPoint","urlTemplate":"https:\/\/telttamaailma.fi\/?s={search_term_string}"},"query-input":{"@type":"PropertyValueSpecification","valueRequired":true,"valueName":"search_term_string"}}],"inLanguage":"sv-SE"},{"@type":"Organization","@id":"https:\/\/telttamaailma.fi\/#organization","name":"Telttamaailma OY","url":"https:\/\/telttamaailma.fi\/","logo":{"@type":"ImageObject","inLanguage":"sv-SE","@id":"https:\/\/telttamaailma.fi\/#\/schema\/logo\/image\/","url":"https:\/\/telttamaailma.fi\/wp-content\/uploads\/2023\/02\/tentest-ikoon-512x512-hall.png","contentUrl":"https:\/\/telttamaailma.fi\/wp-content\/uploads\/2023\/02\/tentest-ikoon-512x512-hall.png","width":512,"height":512,"caption":"Telttamaailma OY"},"image":{"@id":"https:\/\/telttamaailma.fi\/#\/schema\/logo\/image\/"}}]}},"wcpa_form_fields":null,"_links":{"self":[{"href":"https:\/\/telttamaailma.fi\/sv\/wp-json\/wp\/v2\/product\/13240","targetHints":{"allow":["GET"]}}],"collection":[{"href":"https:\/\/telttamaailma.fi\/sv\/wp-json\/wp\/v2\/product"}],"about":[{"href":"https:\/\/telttamaailma.fi\/sv\/wp-json\/wp\/v2\/types\/product"}],"wp:featuredmedia":[{"embeddable":true,"href":"https:\/\/telttamaailma.fi\/sv\/wp-json\/wp\/v2\/media\/7080"}],"wp:attachment":[{"href":"https:\/\/telttamaailma.fi\/sv\/wp-json\/wp\/v2\/media?parent=13240"}],"wp:term":[{"taxonomy":"product_brand","embeddable":true,"href":"https:\/\/telttamaailma.fi\/sv\/wp-json\/wp\/v2\/product_brand?post=13240"},{"taxonomy":"product_cat","embeddable":true,"href":"https:\/\/telttamaailma.fi\/sv\/wp-json\/wp\/v2\/product_cat?post=13240"},{"taxonomy":"product_tag","embeddable":true,"href":"https:\/\/telttamaailma.fi\/sv\/wp-json\/wp\/v2\/product_tag?post=13240"}],"curies":[{"name":"wp","href":"https:\/\/api.w.org\/{rel}","templated":true}]}}