{"id":13255,"date":"2023-03-04T18:41:58","date_gmt":"2023-03-04T18:41:58","guid":{"rendered":"https:\/\/telttamaailma.fi\/tuottet\/paviljong\/"},"modified":"2023-03-04T18:41:58","modified_gmt":"2023-03-04T18:41:58","slug":"paviljong","status":"publish","type":"product","link":"https:\/\/telttamaailma.fi\/sv\/tuotteet\/paviljong\/","title":{"rendered":"Paviljong"},"content":{"rendered":"<p>Tak och v\u00e4ggar \u00e4r tillverkade av slitstark PVC-duk.<\/p>\n<p>Det finns \u00e4ven genomskinliga och f\u00f6nsterf\u00f6rsedda v\u00e4ggar.<\/p>\n<p>T\u00e4ltv\u00e4ggarna l\u00f6per p\u00e5 t\u00e4ltskenor och kan tas bort om det beh\u00f6vs. Tillverkade enligt kundens \u00f6nskem\u00e5l i EU.<\/p>\n<p>Paviljong \u00e4r det b\u00e4sta valet om du vill ha en stabil, robust och permanent t\u00e4ltl\u00f6sning.<\/p>\n<p><strong>T\u00e4ltm\u00e5tt* (i meter) <\/strong><br \/>\nBredd: 4,0\u20138,0<br \/>\nL\u00e4ngd: fr\u00e5n 4,0; obegr\u00e4nsad utdragning<br \/>\nV\u00e4ggh\u00f6jd: 2.3; specialm\u00e5tt m\u00f6jliga<\/p>\n","protected":false},"excerpt":{"rendered":"<ul>\n<li><strong>T\u00e4ltstommen \u00e4r tillverkad av aluminiumprofiler och takstrukturen och ytterligare f\u00e4sten \u00e4r tillverkade av st\u00e5l.<\/strong><\/li>\n<\/ul>\n","protected":false},"featured_media":17065,"template":"","meta":[],"product_brand":[],"product_cat":[568,573],"product_tag":[],"class_list":{"0":"post-13255","1":"product","2":"type-product","3":"status-publish","4":"has-post-thumbnail","6":"product_cat-ovriga-talt","7":"product_cat-paviljong","8":"wcpa_has_options","10":"first","11":"instock","12":"shipping-taxable","13":"purchasable","14":"product-type-simple"},"yoast_head":"<!-- This site is optimized with the Yoast SEO plugin v26.2 - https:\/\/yoast.com\/wordpress\/plugins\/seo\/ -->\n<title>Paviljong - Telttamaailma OY<\/title>\n<meta name=\"robots\" content=\"index, follow, max-snippet:-1, max-image-preview:large, max-video-preview:-1\" \/>\n<link rel=\"canonical\" href=\"https:\/\/telttamaailma.fi\/tuotteet\/paviljonkiteltat\/\" \/>\n<meta property=\"og:locale\" content=\"sv_SE\" \/>\n<meta property=\"og:type\" content=\"article\" \/>\n<meta property=\"og:title\" content=\"Paviljong - Telttamaailma OY\" \/>\n<meta property=\"og:description\" content=\"T\u00e4ltstommen \u00e4r tillverkad av aluminiumprofiler och takstrukturen och ytterligare f\u00e4sten \u00e4r tillverkade av st\u00e5l.\" \/>\n<meta property=\"og:url\" content=\"https:\/\/telttamaailma.fi\/tuotteet\/paviljonkiteltat\/\" \/>\n<meta property=\"og:site_name\" content=\"Telttamaailma OY\" \/>\n<meta property=\"og:image\" content=\"https:\/\/telttamaailma.fi\/wp-content\/uploads\/2023\/03\/paviljonki-teltta-juhlateltta.jpg\" \/>\n\t<meta property=\"og:image:width\" content=\"1000\" \/>\n\t<meta property=\"og:image:height\" content=\"1000\" \/>\n\t<meta property=\"og:image:type\" content=\"image\/jpeg\" \/>\n<meta name=\"twitter:card\" content=\"summary_large_image\" \/>\n<!-- \/ Yoast SEO plugin. -->","yoast_head_json":{"title":"Paviljong - Telttamaailma OY","robots":{"index":"index","follow":"follow","max-snippet":"max-snippet:-1","max-image-preview":"max-image-preview:large","max-video-preview":"max-video-preview:-1"},"canonical":"https:\/\/telttamaailma.fi\/tuotteet\/paviljonkiteltat\/","og_locale":"sv_SE","og_type":"article","og_title":"Paviljong - Telttamaailma OY","og_description":"T\u00e4ltstommen \u00e4r tillverkad av aluminiumprofiler och takstrukturen och ytterligare f\u00e4sten \u00e4r tillverkade av st\u00e5l.","og_url":"https:\/\/telttamaailma.fi\/tuotteet\/paviljonkiteltat\/","og_site_name":"Telttamaailma OY","og_image":[{"width":1000,"height":1000,"url":"https:\/\/telttamaailma.fi\/wp-content\/uploads\/2023\/03\/paviljonki-teltta-juhlateltta.jpg","type":"image\/jpeg"}],"twitter_card":"summary_large_image","schema":{"@context":"https:\/\/schema.org","@graph":[{"@type":"WebPage","@id":"https:\/\/telttamaailma.fi\/tuotteet\/paviljonkiteltat\/","url":"https:\/\/telttamaailma.fi\/tuotteet\/paviljonkiteltat\/","name":"Paviljong - Telttamaailma OY","isPartOf":{"@id":"https:\/\/telttamaailma.fi\/#website"},"primaryImageOfPage":{"@id":"https:\/\/telttamaailma.fi\/tuotteet\/paviljonkiteltat\/#primaryimage"},"image":{"@id":"https:\/\/telttamaailma.fi\/tuotteet\/paviljonkiteltat\/#primaryimage"},"thumbnailUrl":"https:\/\/telttamaailma.fi\/wp-content\/uploads\/2023\/03\/paviljonki-teltta-juhlateltta.jpg","datePublished":"2023-03-04T18:41:58+00:00","breadcrumb":{"@id":"https:\/\/telttamaailma.fi\/tuotteet\/paviljonkiteltat\/#breadcrumb"},"inLanguage":"sv-SE","potentialAction":[{"@type":"ReadAction","target":["https:\/\/telttamaailma.fi\/tuotteet\/paviljonkiteltat\/"]}]},{"@type":"ImageObject","inLanguage":"sv-SE","@id":"https:\/\/telttamaailma.fi\/tuotteet\/paviljonkiteltat\/#primaryimage","url":"https:\/\/telttamaailma.fi\/wp-content\/uploads\/2023\/03\/paviljonki-teltta-juhlateltta.jpg","contentUrl":"https:\/\/telttamaailma.fi\/wp-content\/uploads\/2023\/03\/paviljonki-teltta-juhlateltta.jpg","width":1000,"height":1000,"caption":"paviljonki juhlateltta"},{"@type":"BreadcrumbList","@id":"https:\/\/telttamaailma.fi\/tuotteet\/paviljonkiteltat\/#breadcrumb","itemListElement":[{"@type":"ListItem","position":1,"name":"Tooted","item":"https:\/\/telttamaailma.fi\/et\/tooted\/"},{"@type":"ListItem","position":2,"name":"Paviljong"}]},{"@type":"WebSite","@id":"https:\/\/telttamaailma.fi\/#website","url":"https:\/\/telttamaailma.fi\/","name":"Telttamaailma OY","description":"","publisher":{"@id":"https:\/\/telttamaailma.fi\/#organization"},"potentialAction":[{"@type":"SearchAction","target":{"@type":"EntryPoint","urlTemplate":"https:\/\/telttamaailma.fi\/?s={search_term_string}"},"query-input":{"@type":"PropertyValueSpecification","valueRequired":true,"valueName":"search_term_string"}}],"inLanguage":"sv-SE"},{"@type":"Organization","@id":"https:\/\/telttamaailma.fi\/#organization","name":"Telttamaailma OY","url":"https:\/\/telttamaailma.fi\/","logo":{"@type":"ImageObject","inLanguage":"sv-SE","@id":"https:\/\/telttamaailma.fi\/#\/schema\/logo\/image\/","url":"https:\/\/telttamaailma.fi\/wp-content\/uploads\/2023\/02\/tentest-ikoon-512x512-hall.png","contentUrl":"https:\/\/telttamaailma.fi\/wp-content\/uploads\/2023\/02\/tentest-ikoon-512x512-hall.png","width":512,"height":512,"caption":"Telttamaailma OY"},"image":{"@id":"https:\/\/telttamaailma.fi\/#\/schema\/logo\/image\/"}}]}},"wcpa_form_fields":null,"_links":{"self":[{"href":"https:\/\/telttamaailma.fi\/sv\/wp-json\/wp\/v2\/product\/13255","targetHints":{"allow":["GET"]}}],"collection":[{"href":"https:\/\/telttamaailma.fi\/sv\/wp-json\/wp\/v2\/product"}],"about":[{"href":"https:\/\/telttamaailma.fi\/sv\/wp-json\/wp\/v2\/types\/product"}],"wp:featuredmedia":[{"embeddable":true,"href":"https:\/\/telttamaailma.fi\/sv\/wp-json\/wp\/v2\/media\/17065"}],"wp:attachment":[{"href":"https:\/\/telttamaailma.fi\/sv\/wp-json\/wp\/v2\/media?parent=13255"}],"wp:term":[{"taxonomy":"product_brand","embeddable":true,"href":"https:\/\/telttamaailma.fi\/sv\/wp-json\/wp\/v2\/product_brand?post=13255"},{"taxonomy":"product_cat","embeddable":true,"href":"https:\/\/telttamaailma.fi\/sv\/wp-json\/wp\/v2\/product_cat?post=13255"},{"taxonomy":"product_tag","embeddable":true,"href":"https:\/\/telttamaailma.fi\/sv\/wp-json\/wp\/v2\/product_tag?post=13255"}],"curies":[{"name":"wp","href":"https:\/\/api.w.org\/{rel}","templated":true}]}}