{"id":13268,"date":"2023-03-03T20:11:38","date_gmt":"2023-03-03T20:11:38","guid":{"rendered":"https:\/\/telttamaailma.fi\/tuottet\/umbrosa-parasoller\/"},"modified":"2023-03-03T20:11:38","modified_gmt":"2023-03-03T20:11:38","slug":"umbrosa-parasoller","status":"publish","type":"product","link":"https:\/\/telttamaailma.fi\/sv\/tuotteet\/umbrosa-parasoller\/","title":{"rendered":"Umbrosa-parasoller"},"content":{"rendered":"","protected":false},"excerpt":{"rendered":"<p><strong>Paraflex-parasollet \u00e4r ett bra s\u00e4tt att skapa skugga var du vill.<\/strong><\/p>\n<p>Tack vare det unika och patenterade systemet kr\u00e4ver parasollet inga tunga basblock eller en mittst\u00e5ng.<\/p>\n<p>Parasollet kan f\u00e4stas i sin h\u00e5llare p\u00e5 en sidost\u00e5ng eller v\u00e4gg, lutas i \u00f6nskad riktning, st\u00e4ngas n\u00e4r som helst, tas bort fr\u00e5n h\u00e5llaren och s\u00e4ttas i f\u00f6rvaring.<\/p>\n<p>Paraflex-parasollets ram \u00e4r av aluminium och icke-korrosiva detaljer.<\/p>\n<p>Och alla plastdelar \u00e4r UV-resistenta.<\/p>\n<p>Kolla in andra Umbrosa-produkter <a title=\"Paraflex-parasollets\" href=\"http:\/\/www.umbrosa.be\/\" target=\"_blank\" rel=\"noopener noreferrer\">H\u00c4R<\/a><\/p>\n","protected":false},"featured_media":6575,"template":"","meta":[],"product_brand":[],"product_cat":[582,584],"product_tag":[],"class_list":{"0":"post-13268","1":"product","2":"type-product","3":"status-publish","4":"has-post-thumbnail","6":"product_cat-parasoller","7":"product_cat-sidostangparasoll","9":"first","10":"instock","11":"shipping-taxable","12":"purchasable","13":"product-type-simple"},"yoast_head":"<!-- This site is optimized with the Yoast SEO plugin v26.2 - https:\/\/yoast.com\/wordpress\/plugins\/seo\/ -->\n<title>Umbrosa-parasoller - Telttamaailma OY<\/title>\n<meta name=\"robots\" content=\"index, follow, max-snippet:-1, max-image-preview:large, max-video-preview:-1\" \/>\n<link rel=\"canonical\" href=\"https:\/\/telttamaailma.fi\/tuotteet\/umbrosa-aurinkovarjo\/\" \/>\n<meta property=\"og:locale\" content=\"sv_SE\" \/>\n<meta property=\"og:type\" content=\"article\" \/>\n<meta property=\"og:title\" content=\"Umbrosa-parasoller - Telttamaailma OY\" \/>\n<meta property=\"og:description\" content=\"Paraflex-parasollet \u00e4r ett bra s\u00e4tt att skapa skugga var du vill. Tack vare det unika och patenterade systemet kr\u00e4ver parasollet inga tunga basblock eller en mittst\u00e5ng. Parasollet kan f\u00e4stas i sin h\u00e5llare p\u00e5 en sidost\u00e5ng eller v\u00e4gg, lutas i \u00f6nskad riktning, st\u00e4ngas n\u00e4r som helst, tas bort fr\u00e5n h\u00e5llaren och s\u00e4ttas i f\u00f6rvaring. Paraflex-parasollets ram \u00e4r av aluminium och icke-korrosiva detaljer. Och alla plastdelar \u00e4r UV-resistenta. Kolla in andra Umbrosa-produkter H\u00c4R\" \/>\n<meta property=\"og:url\" content=\"https:\/\/telttamaailma.fi\/tuotteet\/umbrosa-aurinkovarjo\/\" \/>\n<meta property=\"og:site_name\" content=\"Telttamaailma OY\" \/>\n<meta property=\"og:image\" content=\"https:\/\/telttamaailma.fi\/wp-content\/uploads\/2023\/03\/umbrosa-vari-1.jpg\" \/>\n\t<meta property=\"og:image:width\" content=\"1024\" \/>\n\t<meta property=\"og:image:height\" content=\"768\" \/>\n\t<meta property=\"og:image:type\" content=\"image\/jpeg\" \/>\n<meta name=\"twitter:card\" content=\"summary_large_image\" \/>\n<!-- \/ Yoast SEO plugin. -->","yoast_head_json":{"title":"Umbrosa-parasoller - Telttamaailma OY","robots":{"index":"index","follow":"follow","max-snippet":"max-snippet:-1","max-image-preview":"max-image-preview:large","max-video-preview":"max-video-preview:-1"},"canonical":"https:\/\/telttamaailma.fi\/tuotteet\/umbrosa-aurinkovarjo\/","og_locale":"sv_SE","og_type":"article","og_title":"Umbrosa-parasoller - Telttamaailma OY","og_description":"Paraflex-parasollet \u00e4r ett bra s\u00e4tt att skapa skugga var du vill. Tack vare det unika och patenterade systemet kr\u00e4ver parasollet inga tunga basblock eller en mittst\u00e5ng. Parasollet kan f\u00e4stas i sin h\u00e5llare p\u00e5 en sidost\u00e5ng eller v\u00e4gg, lutas i \u00f6nskad riktning, st\u00e4ngas n\u00e4r som helst, tas bort fr\u00e5n h\u00e5llaren och s\u00e4ttas i f\u00f6rvaring. Paraflex-parasollets ram \u00e4r av aluminium och icke-korrosiva detaljer. Och alla plastdelar \u00e4r UV-resistenta. Kolla in andra Umbrosa-produkter H\u00c4R","og_url":"https:\/\/telttamaailma.fi\/tuotteet\/umbrosa-aurinkovarjo\/","og_site_name":"Telttamaailma OY","og_image":[{"width":1024,"height":768,"url":"https:\/\/telttamaailma.fi\/wp-content\/uploads\/2023\/03\/umbrosa-vari-1.jpg","type":"image\/jpeg"}],"twitter_card":"summary_large_image","schema":{"@context":"https:\/\/schema.org","@graph":[{"@type":"WebPage","@id":"https:\/\/telttamaailma.fi\/tuotteet\/umbrosa-aurinkovarjo\/","url":"https:\/\/telttamaailma.fi\/tuotteet\/umbrosa-aurinkovarjo\/","name":"Umbrosa-parasoller - Telttamaailma OY","isPartOf":{"@id":"https:\/\/telttamaailma.fi\/#website"},"primaryImageOfPage":{"@id":"https:\/\/telttamaailma.fi\/tuotteet\/umbrosa-aurinkovarjo\/#primaryimage"},"image":{"@id":"https:\/\/telttamaailma.fi\/tuotteet\/umbrosa-aurinkovarjo\/#primaryimage"},"thumbnailUrl":"https:\/\/telttamaailma.fi\/wp-content\/uploads\/2023\/03\/umbrosa-vari-1.jpg","datePublished":"2023-03-03T20:11:38+00:00","breadcrumb":{"@id":"https:\/\/telttamaailma.fi\/tuotteet\/umbrosa-aurinkovarjo\/#breadcrumb"},"inLanguage":"sv-SE","potentialAction":[{"@type":"ReadAction","target":["https:\/\/telttamaailma.fi\/tuotteet\/umbrosa-aurinkovarjo\/"]}]},{"@type":"ImageObject","inLanguage":"sv-SE","@id":"https:\/\/telttamaailma.fi\/tuotteet\/umbrosa-aurinkovarjo\/#primaryimage","url":"https:\/\/telttamaailma.fi\/wp-content\/uploads\/2023\/03\/umbrosa-vari-1.jpg","contentUrl":"https:\/\/telttamaailma.fi\/wp-content\/uploads\/2023\/03\/umbrosa-vari-1.jpg","width":1024,"height":768},{"@type":"BreadcrumbList","@id":"https:\/\/telttamaailma.fi\/tuotteet\/umbrosa-aurinkovarjo\/#breadcrumb","itemListElement":[{"@type":"ListItem","position":1,"name":"Tooted","item":"https:\/\/telttamaailma.fi\/et\/tooted\/"},{"@type":"ListItem","position":2,"name":"Umbrosa-parasoller"}]},{"@type":"WebSite","@id":"https:\/\/telttamaailma.fi\/#website","url":"https:\/\/telttamaailma.fi\/","name":"Telttamaailma OY","description":"","publisher":{"@id":"https:\/\/telttamaailma.fi\/#organization"},"potentialAction":[{"@type":"SearchAction","target":{"@type":"EntryPoint","urlTemplate":"https:\/\/telttamaailma.fi\/?s={search_term_string}"},"query-input":{"@type":"PropertyValueSpecification","valueRequired":true,"valueName":"search_term_string"}}],"inLanguage":"sv-SE"},{"@type":"Organization","@id":"https:\/\/telttamaailma.fi\/#organization","name":"Telttamaailma OY","url":"https:\/\/telttamaailma.fi\/","logo":{"@type":"ImageObject","inLanguage":"sv-SE","@id":"https:\/\/telttamaailma.fi\/#\/schema\/logo\/image\/","url":"https:\/\/telttamaailma.fi\/wp-content\/uploads\/2023\/02\/tentest-ikoon-512x512-hall.png","contentUrl":"https:\/\/telttamaailma.fi\/wp-content\/uploads\/2023\/02\/tentest-ikoon-512x512-hall.png","width":512,"height":512,"caption":"Telttamaailma OY"},"image":{"@id":"https:\/\/telttamaailma.fi\/#\/schema\/logo\/image\/"}}]}},"wcpa_form_fields":null,"_links":{"self":[{"href":"https:\/\/telttamaailma.fi\/sv\/wp-json\/wp\/v2\/product\/13268","targetHints":{"allow":["GET"]}}],"collection":[{"href":"https:\/\/telttamaailma.fi\/sv\/wp-json\/wp\/v2\/product"}],"about":[{"href":"https:\/\/telttamaailma.fi\/sv\/wp-json\/wp\/v2\/types\/product"}],"wp:featuredmedia":[{"embeddable":true,"href":"https:\/\/telttamaailma.fi\/sv\/wp-json\/wp\/v2\/media\/6575"}],"wp:attachment":[{"href":"https:\/\/telttamaailma.fi\/sv\/wp-json\/wp\/v2\/media?parent=13268"}],"wp:term":[{"taxonomy":"product_brand","embeddable":true,"href":"https:\/\/telttamaailma.fi\/sv\/wp-json\/wp\/v2\/product_brand?post=13268"},{"taxonomy":"product_cat","embeddable":true,"href":"https:\/\/telttamaailma.fi\/sv\/wp-json\/wp\/v2\/product_cat?post=13268"},{"taxonomy":"product_tag","embeddable":true,"href":"https:\/\/telttamaailma.fi\/sv\/wp-json\/wp\/v2\/product_tag?post=13268"}],"curies":[{"name":"wp","href":"https:\/\/api.w.org\/{rel}","templated":true}]}}