{"id":13269,"date":"2023-03-03T20:03:23","date_gmt":"2023-03-03T20:03:23","guid":{"rendered":"https:\/\/telttamaailma.fi\/tuottet\/fim-parasoller\/"},"modified":"2025-05-12T11:46:59","modified_gmt":"2025-05-12T11:46:59","slug":"fim-parasoller","status":"publish","type":"product","link":"https:\/\/telttamaailma.fi\/sv\/tuotteet\/fim-parasoller\/","title":{"rendered":"FIM-parasoller"},"content":{"rendered":"","protected":false},"excerpt":{"rendered":"<p><strong>Ett riktigt snyggt och slitstarkt uteplatsparaply fr\u00e5n en italiensk tillverkare.<\/strong><\/p>\n<p>Produktsortimentet omfattar nyanser i olika storlekar och gjorda av olika tyger.<br \/>\nDen \u00e4r f\u00e4st i sidomasten och har ett bekv\u00e4mt \u00f6ppningssystem.<br \/>\nEn vrid- och tiltmekanism ing\u00e5r ocks\u00e5.<\/p>\n<p>FIM:s produktkatalog finns <a href=\"https:\/\/www.fim-umbrellas.com\/it\/tipologie\/collezioni\" target=\"_blank\" rel=\"noopener noreferrer\">H\u00c4R<\/a>.<br \/>\nDetaljerad teknisk information finns <a href=\"http:\/\/www.fim-umbrellas.com\/site\/download\" target=\"_blank\" rel=\"noopener noreferrer\">H\u00c4R<\/a>.<\/p>\n<p>&nbsp;<\/p>\n","protected":false},"featured_media":6555,"template":"","meta":[],"product_brand":[],"product_cat":[582,584],"product_tag":[],"class_list":{"0":"post-13269","1":"product","2":"type-product","3":"status-publish","4":"has-post-thumbnail","6":"product_cat-parasoller","7":"product_cat-sidostangparasoll","9":"first","10":"instock","11":"shipping-taxable","12":"purchasable","13":"product-type-simple"},"yoast_head":"<!-- This site is optimized with the Yoast SEO plugin v26.2 - https:\/\/yoast.com\/wordpress\/plugins\/seo\/ -->\n<title>FIM-parasoller - Telttamaailma OY<\/title>\n<meta name=\"robots\" content=\"index, follow, max-snippet:-1, max-image-preview:large, max-video-preview:-1\" \/>\n<link rel=\"canonical\" href=\"https:\/\/telttamaailma.fi\/sv\/tuotteet\/fim-parasoller\/\" \/>\n<meta property=\"og:locale\" content=\"sv_SE\" \/>\n<meta property=\"og:type\" content=\"article\" \/>\n<meta property=\"og:title\" content=\"FIM-parasoller - Telttamaailma OY\" \/>\n<meta property=\"og:description\" content=\"Ett riktigt snyggt och slitstarkt uteplatsparaply fr\u00e5n en italiensk tillverkare. Produktsortimentet omfattar nyanser i olika storlekar och gjorda av olika tyger. Den \u00e4r f\u00e4st i sidomasten och har ett bekv\u00e4mt \u00f6ppningssystem. En vrid- och tiltmekanism ing\u00e5r ocks\u00e5. FIM:s produktkatalog finns H\u00c4R. Detaljerad teknisk information finns H\u00c4R. &nbsp;\" \/>\n<meta property=\"og:url\" content=\"https:\/\/telttamaailma.fi\/sv\/tuotteet\/fim-parasoller\/\" \/>\n<meta property=\"og:site_name\" content=\"Telttamaailma OY\" \/>\n<meta property=\"article:modified_time\" content=\"2025-05-12T11:46:59+00:00\" \/>\n<meta property=\"og:image\" content=\"https:\/\/telttamaailma.fi\/wp-content\/uploads\/2023\/03\/fim-vari-1.jpg\" \/>\n\t<meta property=\"og:image:width\" content=\"1024\" \/>\n\t<meta property=\"og:image:height\" content=\"769\" \/>\n\t<meta property=\"og:image:type\" content=\"image\/jpeg\" \/>\n<meta name=\"twitter:card\" content=\"summary_large_image\" \/>\n<!-- \/ Yoast SEO plugin. -->","yoast_head_json":{"title":"FIM-parasoller - Telttamaailma OY","robots":{"index":"index","follow":"follow","max-snippet":"max-snippet:-1","max-image-preview":"max-image-preview:large","max-video-preview":"max-video-preview:-1"},"canonical":"https:\/\/telttamaailma.fi\/sv\/tuotteet\/fim-parasoller\/","og_locale":"sv_SE","og_type":"article","og_title":"FIM-parasoller - Telttamaailma OY","og_description":"Ett riktigt snyggt och slitstarkt uteplatsparaply fr\u00e5n en italiensk tillverkare. Produktsortimentet omfattar nyanser i olika storlekar och gjorda av olika tyger. Den \u00e4r f\u00e4st i sidomasten och har ett bekv\u00e4mt \u00f6ppningssystem. En vrid- och tiltmekanism ing\u00e5r ocks\u00e5. FIM:s produktkatalog finns H\u00c4R. Detaljerad teknisk information finns H\u00c4R. &nbsp;","og_url":"https:\/\/telttamaailma.fi\/sv\/tuotteet\/fim-parasoller\/","og_site_name":"Telttamaailma OY","article_modified_time":"2025-05-12T11:46:59+00:00","og_image":[{"width":1024,"height":769,"url":"https:\/\/telttamaailma.fi\/wp-content\/uploads\/2023\/03\/fim-vari-1.jpg","type":"image\/jpeg"}],"twitter_card":"summary_large_image","schema":{"@context":"https:\/\/schema.org","@graph":[{"@type":"WebPage","@id":"https:\/\/telttamaailma.fi\/sv\/tuotteet\/fim-parasoller\/","url":"https:\/\/telttamaailma.fi\/sv\/tuotteet\/fim-parasoller\/","name":"FIM-parasoller - Telttamaailma OY","isPartOf":{"@id":"https:\/\/telttamaailma.fi\/#website"},"primaryImageOfPage":{"@id":"https:\/\/telttamaailma.fi\/sv\/tuotteet\/fim-parasoller\/#primaryimage"},"image":{"@id":"https:\/\/telttamaailma.fi\/sv\/tuotteet\/fim-parasoller\/#primaryimage"},"thumbnailUrl":"https:\/\/telttamaailma.fi\/wp-content\/uploads\/2023\/03\/fim-vari-1.jpg","datePublished":"2023-03-03T20:03:23+00:00","dateModified":"2025-05-12T11:46:59+00:00","breadcrumb":{"@id":"https:\/\/telttamaailma.fi\/sv\/tuotteet\/fim-parasoller\/#breadcrumb"},"inLanguage":"sv-SE","potentialAction":[{"@type":"ReadAction","target":["https:\/\/telttamaailma.fi\/sv\/tuotteet\/fim-parasoller\/"]}]},{"@type":"ImageObject","inLanguage":"sv-SE","@id":"https:\/\/telttamaailma.fi\/sv\/tuotteet\/fim-parasoller\/#primaryimage","url":"https:\/\/telttamaailma.fi\/wp-content\/uploads\/2023\/03\/fim-vari-1.jpg","contentUrl":"https:\/\/telttamaailma.fi\/wp-content\/uploads\/2023\/03\/fim-vari-1.jpg","width":1024,"height":769},{"@type":"BreadcrumbList","@id":"https:\/\/telttamaailma.fi\/sv\/tuotteet\/fim-parasoller\/#breadcrumb","itemListElement":[{"@type":"ListItem","position":1,"name":"Tooted","item":"https:\/\/telttamaailma.fi\/et\/tooted\/"},{"@type":"ListItem","position":2,"name":"FIM-parasoller"}]},{"@type":"WebSite","@id":"https:\/\/telttamaailma.fi\/#website","url":"https:\/\/telttamaailma.fi\/","name":"Telttamaailma OY","description":"","publisher":{"@id":"https:\/\/telttamaailma.fi\/#organization"},"potentialAction":[{"@type":"SearchAction","target":{"@type":"EntryPoint","urlTemplate":"https:\/\/telttamaailma.fi\/?s={search_term_string}"},"query-input":{"@type":"PropertyValueSpecification","valueRequired":true,"valueName":"search_term_string"}}],"inLanguage":"sv-SE"},{"@type":"Organization","@id":"https:\/\/telttamaailma.fi\/#organization","name":"Telttamaailma OY","url":"https:\/\/telttamaailma.fi\/","logo":{"@type":"ImageObject","inLanguage":"sv-SE","@id":"https:\/\/telttamaailma.fi\/#\/schema\/logo\/image\/","url":"https:\/\/telttamaailma.fi\/wp-content\/uploads\/2023\/02\/tentest-ikoon-512x512-hall.png","contentUrl":"https:\/\/telttamaailma.fi\/wp-content\/uploads\/2023\/02\/tentest-ikoon-512x512-hall.png","width":512,"height":512,"caption":"Telttamaailma OY"},"image":{"@id":"https:\/\/telttamaailma.fi\/#\/schema\/logo\/image\/"}}]}},"wcpa_form_fields":null,"_links":{"self":[{"href":"https:\/\/telttamaailma.fi\/sv\/wp-json\/wp\/v2\/product\/13269","targetHints":{"allow":["GET"]}}],"collection":[{"href":"https:\/\/telttamaailma.fi\/sv\/wp-json\/wp\/v2\/product"}],"about":[{"href":"https:\/\/telttamaailma.fi\/sv\/wp-json\/wp\/v2\/types\/product"}],"wp:featuredmedia":[{"embeddable":true,"href":"https:\/\/telttamaailma.fi\/sv\/wp-json\/wp\/v2\/media\/6555"}],"wp:attachment":[{"href":"https:\/\/telttamaailma.fi\/sv\/wp-json\/wp\/v2\/media?parent=13269"}],"wp:term":[{"taxonomy":"product_brand","embeddable":true,"href":"https:\/\/telttamaailma.fi\/sv\/wp-json\/wp\/v2\/product_brand?post=13269"},{"taxonomy":"product_cat","embeddable":true,"href":"https:\/\/telttamaailma.fi\/sv\/wp-json\/wp\/v2\/product_cat?post=13269"},{"taxonomy":"product_tag","embeddable":true,"href":"https:\/\/telttamaailma.fi\/sv\/wp-json\/wp\/v2\/product_tag?post=13269"}],"curies":[{"name":"wp","href":"https:\/\/api.w.org\/{rel}","templated":true}]}}