{"id":13270,"date":"2023-03-03T19:50:38","date_gmt":"2023-03-03T19:50:38","guid":{"rendered":"https:\/\/telttamaailma.fi\/tuottet\/sidostangsparasoll-scandipro-premium-sa\/"},"modified":"2023-03-03T19:50:38","modified_gmt":"2023-03-03T19:50:38","slug":"sidostangsparasoll-scandipro-premium-sa","status":"publish","type":"product","link":"https:\/\/telttamaailma.fi\/sv\/tuotteet\/sidostangsparasoll-scandipro-premium-sa\/","title":{"rendered":"Sidost\u00e5ngsparasoll Tentest Premium SA"},"content":{"rendered":"<p><strong>M\u00f6rkt pulverlackerat aluminium<\/strong><\/p>\n<p>Diametern p\u00e5 den fyrkantiga stammen \u00e4r 93 mm och v\u00e4ggtjockleken \u00e4r 3 mm<\/p>\n<p>M\u00e5tten p\u00e5 sk\u00e4rmens lameller \u00e4r 17x35mm och v\u00e4ggtjockleken \u00e4r 1,2mm. Det finns en f\u00f6rst\u00e4rkning inuti hjulsp\u00e5ret.<\/p>\n<p><b>Vikt<\/b>:<br \/>\n3 x 3 m = 55 kg, 3 x 4 m = 60 kg<\/p>\n<p>Andra funktioner: lutning i sidled och vridning runt axeln<\/p>\n","protected":false},"excerpt":{"rendered":"<p><strong>Premium SA-parasollet<\/strong> l\u00e4mpar sig f\u00f6r utomhusevenemang, tr\u00e4dg\u00e5rdar, terrasser och uteserveringar.<\/p>\n<p>Parasollet ger skydd mot v\u00e4der och vind, samtidigt som du kan visa upp ditt varum\u00e4rke.<\/p>\n<p>Det har ett enkelt \u00f6ppningssystem och taket \u00e4r tillverkat av slitstark vatten-, flam- och UV-s\u00e4ker polyesterduk.<\/p>\n<p>Setet inneh\u00e5ller: Ram, tyg, skyddsfodral, st\u00f6dben<\/p>\n","protected":false},"featured_media":6525,"template":"","meta":[],"product_brand":[],"product_cat":[582,584],"product_tag":[],"class_list":{"0":"post-13270","1":"product","2":"type-product","3":"status-publish","4":"has-post-thumbnail","6":"product_cat-parasoller","7":"product_cat-sidostangparasoll","9":"first","10":"instock","11":"shipping-taxable","12":"purchasable","13":"product-type-variable","14":"has-default-attributes"},"yoast_head":"<!-- This site is optimized with the Yoast SEO plugin v26.2 - https:\/\/yoast.com\/wordpress\/plugins\/seo\/ -->\n<title>Sidost\u00e5ngsparasoll Tentest Premium SA - Telttamaailma OY<\/title>\n<meta name=\"robots\" content=\"index, follow, max-snippet:-1, max-image-preview:large, max-video-preview:-1\" \/>\n<link rel=\"canonical\" href=\"https:\/\/telttamaailma.fi\/tuotteet\/scandipro-ultra-terassivarjo\/\" \/>\n<meta property=\"og:locale\" content=\"sv_SE\" \/>\n<meta property=\"og:type\" content=\"article\" \/>\n<meta property=\"og:title\" content=\"Sidost\u00e5ngsparasoll Tentest Premium SA - Telttamaailma OY\" \/>\n<meta property=\"og:description\" content=\"Premium SA-parasollet l\u00e4mpar sig f\u00f6r utomhusevenemang, tr\u00e4dg\u00e5rdar, terrasser och uteserveringar. Parasollet ger skydd mot v\u00e4der och vind, samtidigt som du kan visa upp ditt varum\u00e4rke. Det har ett enkelt \u00f6ppningssystem och taket \u00e4r tillverkat av slitstark vatten-, flam- och UV-s\u00e4ker polyesterduk. Setet inneh\u00e5ller: Ram, tyg, skyddsfodral, st\u00f6dben\" \/>\n<meta property=\"og:url\" content=\"https:\/\/telttamaailma.fi\/tuotteet\/scandipro-ultra-terassivarjo\/\" \/>\n<meta property=\"og:site_name\" content=\"Telttamaailma OY\" \/>\n<meta property=\"og:image\" content=\"https:\/\/telttamaailma.fi\/wp-content\/uploads\/2023\/03\/paikesevari-kulgpostiga-3-scaled.jpg\" \/>\n\t<meta property=\"og:image:width\" content=\"2560\" \/>\n\t<meta property=\"og:image:height\" content=\"2560\" \/>\n\t<meta property=\"og:image:type\" content=\"image\/jpeg\" \/>\n<meta name=\"twitter:card\" content=\"summary_large_image\" \/>\n<!-- \/ Yoast SEO plugin. -->","yoast_head_json":{"title":"Sidost\u00e5ngsparasoll Tentest Premium SA - Telttamaailma OY","robots":{"index":"index","follow":"follow","max-snippet":"max-snippet:-1","max-image-preview":"max-image-preview:large","max-video-preview":"max-video-preview:-1"},"canonical":"https:\/\/telttamaailma.fi\/tuotteet\/scandipro-ultra-terassivarjo\/","og_locale":"sv_SE","og_type":"article","og_title":"Sidost\u00e5ngsparasoll Tentest Premium SA - Telttamaailma OY","og_description":"Premium SA-parasollet l\u00e4mpar sig f\u00f6r utomhusevenemang, tr\u00e4dg\u00e5rdar, terrasser och uteserveringar. Parasollet ger skydd mot v\u00e4der och vind, samtidigt som du kan visa upp ditt varum\u00e4rke. Det har ett enkelt \u00f6ppningssystem och taket \u00e4r tillverkat av slitstark vatten-, flam- och UV-s\u00e4ker polyesterduk. Setet inneh\u00e5ller: Ram, tyg, skyddsfodral, st\u00f6dben","og_url":"https:\/\/telttamaailma.fi\/tuotteet\/scandipro-ultra-terassivarjo\/","og_site_name":"Telttamaailma OY","og_image":[{"width":2560,"height":2560,"url":"https:\/\/telttamaailma.fi\/wp-content\/uploads\/2023\/03\/paikesevari-kulgpostiga-3-scaled.jpg","type":"image\/jpeg"}],"twitter_card":"summary_large_image","schema":{"@context":"https:\/\/schema.org","@graph":[{"@type":"WebPage","@id":"https:\/\/telttamaailma.fi\/tuotteet\/scandipro-ultra-terassivarjo\/","url":"https:\/\/telttamaailma.fi\/tuotteet\/scandipro-ultra-terassivarjo\/","name":"Sidost\u00e5ngsparasoll Tentest Premium SA - Telttamaailma OY","isPartOf":{"@id":"https:\/\/telttamaailma.fi\/#website"},"primaryImageOfPage":{"@id":"https:\/\/telttamaailma.fi\/tuotteet\/scandipro-ultra-terassivarjo\/#primaryimage"},"image":{"@id":"https:\/\/telttamaailma.fi\/tuotteet\/scandipro-ultra-terassivarjo\/#primaryimage"},"thumbnailUrl":"https:\/\/telttamaailma.fi\/wp-content\/uploads\/2023\/03\/paikesevari-kulgpostiga-3-scaled.jpg","datePublished":"2023-03-03T19:50:38+00:00","breadcrumb":{"@id":"https:\/\/telttamaailma.fi\/tuotteet\/scandipro-ultra-terassivarjo\/#breadcrumb"},"inLanguage":"sv-SE","potentialAction":[{"@type":"ReadAction","target":["https:\/\/telttamaailma.fi\/tuotteet\/scandipro-ultra-terassivarjo\/"]}]},{"@type":"ImageObject","inLanguage":"sv-SE","@id":"https:\/\/telttamaailma.fi\/tuotteet\/scandipro-ultra-terassivarjo\/#primaryimage","url":"https:\/\/telttamaailma.fi\/wp-content\/uploads\/2023\/03\/paikesevari-kulgpostiga-3-scaled.jpg","contentUrl":"https:\/\/telttamaailma.fi\/wp-content\/uploads\/2023\/03\/paikesevari-kulgpostiga-3-scaled.jpg","width":2560,"height":2560},{"@type":"BreadcrumbList","@id":"https:\/\/telttamaailma.fi\/tuotteet\/scandipro-ultra-terassivarjo\/#breadcrumb","itemListElement":[{"@type":"ListItem","position":1,"name":"Tooted","item":"https:\/\/telttamaailma.fi\/et\/tooted\/"},{"@type":"ListItem","position":2,"name":"Sidost\u00e5ngsparasoll Tentest Premium SA"}]},{"@type":"WebSite","@id":"https:\/\/telttamaailma.fi\/#website","url":"https:\/\/telttamaailma.fi\/","name":"Telttamaailma OY","description":"","publisher":{"@id":"https:\/\/telttamaailma.fi\/#organization"},"potentialAction":[{"@type":"SearchAction","target":{"@type":"EntryPoint","urlTemplate":"https:\/\/telttamaailma.fi\/?s={search_term_string}"},"query-input":{"@type":"PropertyValueSpecification","valueRequired":true,"valueName":"search_term_string"}}],"inLanguage":"sv-SE"},{"@type":"Organization","@id":"https:\/\/telttamaailma.fi\/#organization","name":"Telttamaailma OY","url":"https:\/\/telttamaailma.fi\/","logo":{"@type":"ImageObject","inLanguage":"sv-SE","@id":"https:\/\/telttamaailma.fi\/#\/schema\/logo\/image\/","url":"https:\/\/telttamaailma.fi\/wp-content\/uploads\/2023\/02\/tentest-ikoon-512x512-hall.png","contentUrl":"https:\/\/telttamaailma.fi\/wp-content\/uploads\/2023\/02\/tentest-ikoon-512x512-hall.png","width":512,"height":512,"caption":"Telttamaailma OY"},"image":{"@id":"https:\/\/telttamaailma.fi\/#\/schema\/logo\/image\/"}}]}},"wcpa_form_fields":null,"_links":{"self":[{"href":"https:\/\/telttamaailma.fi\/sv\/wp-json\/wp\/v2\/product\/13270","targetHints":{"allow":["GET"]}}],"collection":[{"href":"https:\/\/telttamaailma.fi\/sv\/wp-json\/wp\/v2\/product"}],"about":[{"href":"https:\/\/telttamaailma.fi\/sv\/wp-json\/wp\/v2\/types\/product"}],"wp:featuredmedia":[{"embeddable":true,"href":"https:\/\/telttamaailma.fi\/sv\/wp-json\/wp\/v2\/media\/6525"}],"wp:attachment":[{"href":"https:\/\/telttamaailma.fi\/sv\/wp-json\/wp\/v2\/media?parent=13270"}],"wp:term":[{"taxonomy":"product_brand","embeddable":true,"href":"https:\/\/telttamaailma.fi\/sv\/wp-json\/wp\/v2\/product_brand?post=13270"},{"taxonomy":"product_cat","embeddable":true,"href":"https:\/\/telttamaailma.fi\/sv\/wp-json\/wp\/v2\/product_cat?post=13270"},{"taxonomy":"product_tag","embeddable":true,"href":"https:\/\/telttamaailma.fi\/sv\/wp-json\/wp\/v2\/product_tag?post=13270"}],"curies":[{"name":"wp","href":"https:\/\/api.w.org\/{rel}","templated":true}]}}