{"id":13272,"date":"2023-03-03T19:35:03","date_gmt":"2023-03-03T19:35:03","guid":{"rendered":"https:\/\/telttamaailma.fi\/tuottet\/strandparasol\/"},"modified":"2023-03-03T19:35:03","modified_gmt":"2023-03-03T19:35:03","slug":"strandparasol","status":"publish","type":"product","link":"https:\/\/telttamaailma.fi\/sv\/tuotteet\/strandparasol\/","title":{"rendered":"Strandparasol"},"content":{"rendered":"<p><strong>V\u00e4lj storlek:<\/strong> 1,8 m<br \/>\n<strong>Ram<\/strong>: pulverlackerat st\u00e5l<br \/>\n<strong>St\u00e5ng<\/strong>: \u00d8 25 mm, \u00d8 20 mm<br \/>\n<strong>Ribbor<\/strong>: 8 ribbor, \u00d8 3,8 mm<br \/>\n<strong>Bas<\/strong>: plast<br \/>\n<strong>\u00d6ppningssystem<\/strong>; knapp<br \/>\n<strong>Vikt<\/strong>: 5 kg<\/p>\n","protected":false},"excerpt":{"rendered":"<ul>\n<li><strong>Strandparasollet \u00e4r det perfekta s\u00e4ttet att presentera ert varum\u00e4rke och ge skydd mot solen. <\/strong><\/li>\n<li>Ramen \u00e4r tillverkad av h\u00f6gkvalitativt pulverlackerat st\u00e5l<\/li>\n<li>Pohja on muovia ja katto polyesterikankaasta.<\/li>\n<li>Parasollet \u00f6ppnas enkelt med en knapptryckning och huvudet kan vinklas.<\/li>\n<\/ul>\n","protected":false},"featured_media":6520,"template":"","meta":[],"product_brand":[],"product_cat":[583,582],"product_tag":[],"class_list":{"0":"post-13272","1":"product","2":"type-product","3":"status-publish","4":"has-post-thumbnail","6":"product_cat-parasoll-med-mittstang","7":"product_cat-parasoller","9":"first","10":"instock","11":"shipping-taxable","12":"purchasable","13":"product-type-variable"},"yoast_head":"<!-- This site is optimized with the Yoast SEO plugin v26.2 - https:\/\/yoast.com\/wordpress\/plugins\/seo\/ -->\n<title>Strandparasol - Telttamaailma OY<\/title>\n<meta name=\"robots\" content=\"index, follow, max-snippet:-1, max-image-preview:large, max-video-preview:-1\" \/>\n<link rel=\"canonical\" href=\"https:\/\/telttamaailma.fi\/sv\/tuotteet\/strandparasol\/\" \/>\n<meta property=\"og:locale\" content=\"sv_SE\" \/>\n<meta property=\"og:type\" content=\"article\" \/>\n<meta property=\"og:title\" content=\"Strandparasol - Telttamaailma OY\" \/>\n<meta property=\"og:description\" content=\"Strandparasollet \u00e4r det perfekta s\u00e4ttet att presentera ert varum\u00e4rke och ge skydd mot solen.  Ramen \u00e4r tillverkad av h\u00f6gkvalitativt pulverlackerat st\u00e5l  Pohja on muovia ja katto polyesterikankaasta.  Parasollet \u00f6ppnas enkelt med en knapptryckning och huvudet kan vinklas.\" \/>\n<meta property=\"og:url\" content=\"https:\/\/telttamaailma.fi\/sv\/tuotteet\/strandparasol\/\" \/>\n<meta property=\"og:site_name\" content=\"Telttamaailma OY\" \/>\n<meta property=\"og:image\" content=\"https:\/\/telttamaailma.fi\/wp-content\/uploads\/2023\/03\/rannavari-scaled.jpg\" \/>\n\t<meta property=\"og:image:width\" content=\"2560\" \/>\n\t<meta property=\"og:image:height\" content=\"2560\" \/>\n\t<meta property=\"og:image:type\" content=\"image\/jpeg\" \/>\n<meta name=\"twitter:card\" content=\"summary_large_image\" \/>\n<!-- \/ Yoast SEO plugin. -->","yoast_head_json":{"title":"Strandparasol - Telttamaailma OY","robots":{"index":"index","follow":"follow","max-snippet":"max-snippet:-1","max-image-preview":"max-image-preview:large","max-video-preview":"max-video-preview:-1"},"canonical":"https:\/\/telttamaailma.fi\/sv\/tuotteet\/strandparasol\/","og_locale":"sv_SE","og_type":"article","og_title":"Strandparasol - Telttamaailma OY","og_description":"Strandparasollet \u00e4r det perfekta s\u00e4ttet att presentera ert varum\u00e4rke och ge skydd mot solen.  Ramen \u00e4r tillverkad av h\u00f6gkvalitativt pulverlackerat st\u00e5l  Pohja on muovia ja katto polyesterikankaasta.  Parasollet \u00f6ppnas enkelt med en knapptryckning och huvudet kan vinklas.","og_url":"https:\/\/telttamaailma.fi\/sv\/tuotteet\/strandparasol\/","og_site_name":"Telttamaailma OY","og_image":[{"width":2560,"height":2560,"url":"https:\/\/telttamaailma.fi\/wp-content\/uploads\/2023\/03\/rannavari-scaled.jpg","type":"image\/jpeg"}],"twitter_card":"summary_large_image","schema":{"@context":"https:\/\/schema.org","@graph":[{"@type":"WebPage","@id":"https:\/\/telttamaailma.fi\/sv\/tuotteet\/strandparasol\/","url":"https:\/\/telttamaailma.fi\/sv\/tuotteet\/strandparasol\/","name":"Strandparasol - Telttamaailma OY","isPartOf":{"@id":"https:\/\/telttamaailma.fi\/#website"},"primaryImageOfPage":{"@id":"https:\/\/telttamaailma.fi\/sv\/tuotteet\/strandparasol\/#primaryimage"},"image":{"@id":"https:\/\/telttamaailma.fi\/sv\/tuotteet\/strandparasol\/#primaryimage"},"thumbnailUrl":"https:\/\/telttamaailma.fi\/wp-content\/uploads\/2023\/03\/rannavari-scaled.jpg","datePublished":"2023-03-03T19:35:03+00:00","breadcrumb":{"@id":"https:\/\/telttamaailma.fi\/sv\/tuotteet\/strandparasol\/#breadcrumb"},"inLanguage":"sv-SE","potentialAction":[{"@type":"ReadAction","target":["https:\/\/telttamaailma.fi\/sv\/tuotteet\/strandparasol\/"]}]},{"@type":"ImageObject","inLanguage":"sv-SE","@id":"https:\/\/telttamaailma.fi\/sv\/tuotteet\/strandparasol\/#primaryimage","url":"https:\/\/telttamaailma.fi\/wp-content\/uploads\/2023\/03\/rannavari-scaled.jpg","contentUrl":"https:\/\/telttamaailma.fi\/wp-content\/uploads\/2023\/03\/rannavari-scaled.jpg","width":2560,"height":2560},{"@type":"BreadcrumbList","@id":"https:\/\/telttamaailma.fi\/sv\/tuotteet\/strandparasol\/#breadcrumb","itemListElement":[{"@type":"ListItem","position":1,"name":"Tooted","item":"https:\/\/telttamaailma.fi\/et\/tooted\/"},{"@type":"ListItem","position":2,"name":"Strandparasol"}]},{"@type":"WebSite","@id":"https:\/\/telttamaailma.fi\/#website","url":"https:\/\/telttamaailma.fi\/","name":"Telttamaailma OY","description":"","publisher":{"@id":"https:\/\/telttamaailma.fi\/#organization"},"potentialAction":[{"@type":"SearchAction","target":{"@type":"EntryPoint","urlTemplate":"https:\/\/telttamaailma.fi\/?s={search_term_string}"},"query-input":{"@type":"PropertyValueSpecification","valueRequired":true,"valueName":"search_term_string"}}],"inLanguage":"sv-SE"},{"@type":"Organization","@id":"https:\/\/telttamaailma.fi\/#organization","name":"Telttamaailma OY","url":"https:\/\/telttamaailma.fi\/","logo":{"@type":"ImageObject","inLanguage":"sv-SE","@id":"https:\/\/telttamaailma.fi\/#\/schema\/logo\/image\/","url":"https:\/\/telttamaailma.fi\/wp-content\/uploads\/2023\/02\/tentest-ikoon-512x512-hall.png","contentUrl":"https:\/\/telttamaailma.fi\/wp-content\/uploads\/2023\/02\/tentest-ikoon-512x512-hall.png","width":512,"height":512,"caption":"Telttamaailma OY"},"image":{"@id":"https:\/\/telttamaailma.fi\/#\/schema\/logo\/image\/"}}]}},"wcpa_form_fields":null,"_links":{"self":[{"href":"https:\/\/telttamaailma.fi\/sv\/wp-json\/wp\/v2\/product\/13272","targetHints":{"allow":["GET"]}}],"collection":[{"href":"https:\/\/telttamaailma.fi\/sv\/wp-json\/wp\/v2\/product"}],"about":[{"href":"https:\/\/telttamaailma.fi\/sv\/wp-json\/wp\/v2\/types\/product"}],"wp:featuredmedia":[{"embeddable":true,"href":"https:\/\/telttamaailma.fi\/sv\/wp-json\/wp\/v2\/media\/6520"}],"wp:attachment":[{"href":"https:\/\/telttamaailma.fi\/sv\/wp-json\/wp\/v2\/media?parent=13272"}],"wp:term":[{"taxonomy":"product_brand","embeddable":true,"href":"https:\/\/telttamaailma.fi\/sv\/wp-json\/wp\/v2\/product_brand?post=13272"},{"taxonomy":"product_cat","embeddable":true,"href":"https:\/\/telttamaailma.fi\/sv\/wp-json\/wp\/v2\/product_cat?post=13272"},{"taxonomy":"product_tag","embeddable":true,"href":"https:\/\/telttamaailma.fi\/sv\/wp-json\/wp\/v2\/product_tag?post=13272"}],"curies":[{"name":"wp","href":"https:\/\/api.w.org\/{rel}","templated":true}]}}