{"id":13274,"date":"2023-03-03T19:28:41","date_gmt":"2023-03-03T19:28:41","guid":{"rendered":"https:\/\/telttamaailma.fi\/tuottet\/parasoll-economy\/"},"modified":"2023-03-03T19:28:41","modified_gmt":"2023-03-03T19:28:41","slug":"parasoll-economy","status":"publish","type":"product","link":"https:\/\/telttamaailma.fi\/sv\/tuotteet\/parasoll-economy\/","title":{"rendered":"Parasoll Economy"},"content":{"rendered":"<p><strong>Ram<\/strong>: pulverlackerat aluminium<br \/>\n<strong>St\u00e5ngdiameter<\/strong>: 60 mm<br \/>\n<strong>St\u00e5ngmaterialets tjocklek:<\/strong> 1,5 mm<br \/>\n<strong>Ribbornas tv\u00e4rsnitt:<\/strong> 30 \u00d7 15 mm<br \/>\n<strong>Ribbmaterialets tjocklek:<\/strong> 1,5 mm<br \/>\n<strong>F\u00f6rbindelsedel mellan st\u00e5ngen och ribborna:<\/strong> plastk\u00e4rna<br \/>\n<strong>Vikt (netto):<\/strong><br \/>\n5 \u00d7 5 m \u2013 42 kg<br \/>\n4 \u00d7 4 m \u2013 34 kg<br \/>\n3 \u00d7 3 m \u2013 38 kg<\/p>\n","protected":false},"excerpt":{"rendered":"<ul>\n<li><strong>Economy-parasollet l\u00e4mpar sig f\u00f6r tr\u00e4dg\u00e5rdar, terrasser och mindre uteserveringar. Parasollet ger skydd mot v\u00e4der och vind, samtidigt som du kan visa upp ditt varum\u00e4rke.<\/strong><\/li>\n<li>Det har ett enkelt \u00f6ppningssystem och taket \u00e4r tillverkat av slitstark vatten-, flam- och UV-s\u00e4ker polyesterduk.<\/li>\n<li>Ram, tyg (med eller utan kantf\u00e5ll), skyddsfodral, st\u00f6dben<\/li>\n<\/ul>\n","protected":false},"featured_media":18949,"template":"","meta":[],"product_brand":[],"product_cat":[583,582],"product_tag":[],"class_list":{"0":"post-13274","1":"product","2":"type-product","3":"status-publish","4":"has-post-thumbnail","6":"product_cat-parasoll-med-mittstang","7":"product_cat-parasoller","9":"first","10":"instock","11":"shipping-taxable","12":"purchasable","13":"product-type-variable","14":"has-default-attributes"},"yoast_head":"<!-- This site is optimized with the Yoast SEO plugin v26.2 - https:\/\/yoast.com\/wordpress\/plugins\/seo\/ -->\n<title>Parasoll Economy - Telttamaailma OY<\/title>\n<meta name=\"robots\" content=\"index, follow, max-snippet:-1, max-image-preview:large, max-video-preview:-1\" \/>\n<link rel=\"canonical\" href=\"https:\/\/telttamaailma.fi\/sv\/tuotteet\/parasoll-economy\/\" \/>\n<meta property=\"og:locale\" content=\"sv_SE\" \/>\n<meta property=\"og:type\" content=\"article\" \/>\n<meta property=\"og:title\" content=\"Parasoll Economy - Telttamaailma OY\" \/>\n<meta property=\"og:description\" content=\"Economy-parasollet l\u00e4mpar sig f\u00f6r tr\u00e4dg\u00e5rdar, terrasser och mindre uteserveringar. Parasollet ger skydd mot v\u00e4der och vind, samtidigt som du kan visa upp ditt varum\u00e4rke.  Det har ett enkelt \u00f6ppningssystem och taket \u00e4r tillverkat av slitstark vatten-, flam- och UV-s\u00e4ker polyesterduk.  Ram, tyg (med eller utan kantf\u00e5ll), skyddsfodral, st\u00f6dben\" \/>\n<meta property=\"og:url\" content=\"https:\/\/telttamaailma.fi\/sv\/tuotteet\/parasoll-economy\/\" \/>\n<meta property=\"og:site_name\" content=\"Telttamaailma OY\" \/>\n<meta property=\"og:image\" content=\"https:\/\/telttamaailma.fi\/wp-content\/uploads\/2023\/03\/Terassivarjo-economy.jpg\" \/>\n\t<meta property=\"og:image:width\" content=\"1080\" \/>\n\t<meta property=\"og:image:height\" content=\"1080\" \/>\n\t<meta property=\"og:image:type\" content=\"image\/jpeg\" \/>\n<meta name=\"twitter:card\" content=\"summary_large_image\" \/>\n<!-- \/ Yoast SEO plugin. -->","yoast_head_json":{"title":"Parasoll Economy - Telttamaailma OY","robots":{"index":"index","follow":"follow","max-snippet":"max-snippet:-1","max-image-preview":"max-image-preview:large","max-video-preview":"max-video-preview:-1"},"canonical":"https:\/\/telttamaailma.fi\/sv\/tuotteet\/parasoll-economy\/","og_locale":"sv_SE","og_type":"article","og_title":"Parasoll Economy - Telttamaailma OY","og_description":"Economy-parasollet l\u00e4mpar sig f\u00f6r tr\u00e4dg\u00e5rdar, terrasser och mindre uteserveringar. Parasollet ger skydd mot v\u00e4der och vind, samtidigt som du kan visa upp ditt varum\u00e4rke.  Det har ett enkelt \u00f6ppningssystem och taket \u00e4r tillverkat av slitstark vatten-, flam- och UV-s\u00e4ker polyesterduk.  Ram, tyg (med eller utan kantf\u00e5ll), skyddsfodral, st\u00f6dben","og_url":"https:\/\/telttamaailma.fi\/sv\/tuotteet\/parasoll-economy\/","og_site_name":"Telttamaailma OY","og_image":[{"width":1080,"height":1080,"url":"https:\/\/telttamaailma.fi\/wp-content\/uploads\/2023\/03\/Terassivarjo-economy.jpg","type":"image\/jpeg"}],"twitter_card":"summary_large_image","schema":{"@context":"https:\/\/schema.org","@graph":[{"@type":"WebPage","@id":"https:\/\/telttamaailma.fi\/sv\/tuotteet\/parasoll-economy\/","url":"https:\/\/telttamaailma.fi\/sv\/tuotteet\/parasoll-economy\/","name":"Parasoll Economy - Telttamaailma OY","isPartOf":{"@id":"https:\/\/telttamaailma.fi\/#website"},"primaryImageOfPage":{"@id":"https:\/\/telttamaailma.fi\/sv\/tuotteet\/parasoll-economy\/#primaryimage"},"image":{"@id":"https:\/\/telttamaailma.fi\/sv\/tuotteet\/parasoll-economy\/#primaryimage"},"thumbnailUrl":"https:\/\/telttamaailma.fi\/wp-content\/uploads\/2023\/03\/Terassivarjo-economy.jpg","datePublished":"2023-03-03T19:28:41+00:00","breadcrumb":{"@id":"https:\/\/telttamaailma.fi\/sv\/tuotteet\/parasoll-economy\/#breadcrumb"},"inLanguage":"sv-SE","potentialAction":[{"@type":"ReadAction","target":["https:\/\/telttamaailma.fi\/sv\/tuotteet\/parasoll-economy\/"]}]},{"@type":"ImageObject","inLanguage":"sv-SE","@id":"https:\/\/telttamaailma.fi\/sv\/tuotteet\/parasoll-economy\/#primaryimage","url":"https:\/\/telttamaailma.fi\/wp-content\/uploads\/2023\/03\/Terassivarjo-economy.jpg","contentUrl":"https:\/\/telttamaailma.fi\/wp-content\/uploads\/2023\/03\/Terassivarjo-economy.jpg","width":1080,"height":1080,"caption":"Terassivarjo economy"},{"@type":"BreadcrumbList","@id":"https:\/\/telttamaailma.fi\/sv\/tuotteet\/parasoll-economy\/#breadcrumb","itemListElement":[{"@type":"ListItem","position":1,"name":"Tooted","item":"https:\/\/telttamaailma.fi\/et\/tooted\/"},{"@type":"ListItem","position":2,"name":"Parasoll Economy"}]},{"@type":"WebSite","@id":"https:\/\/telttamaailma.fi\/#website","url":"https:\/\/telttamaailma.fi\/","name":"Telttamaailma OY","description":"","publisher":{"@id":"https:\/\/telttamaailma.fi\/#organization"},"potentialAction":[{"@type":"SearchAction","target":{"@type":"EntryPoint","urlTemplate":"https:\/\/telttamaailma.fi\/?s={search_term_string}"},"query-input":{"@type":"PropertyValueSpecification","valueRequired":true,"valueName":"search_term_string"}}],"inLanguage":"sv-SE"},{"@type":"Organization","@id":"https:\/\/telttamaailma.fi\/#organization","name":"Telttamaailma OY","url":"https:\/\/telttamaailma.fi\/","logo":{"@type":"ImageObject","inLanguage":"sv-SE","@id":"https:\/\/telttamaailma.fi\/#\/schema\/logo\/image\/","url":"https:\/\/telttamaailma.fi\/wp-content\/uploads\/2023\/02\/tentest-ikoon-512x512-hall.png","contentUrl":"https:\/\/telttamaailma.fi\/wp-content\/uploads\/2023\/02\/tentest-ikoon-512x512-hall.png","width":512,"height":512,"caption":"Telttamaailma OY"},"image":{"@id":"https:\/\/telttamaailma.fi\/#\/schema\/logo\/image\/"}}]}},"wcpa_form_fields":null,"_links":{"self":[{"href":"https:\/\/telttamaailma.fi\/sv\/wp-json\/wp\/v2\/product\/13274","targetHints":{"allow":["GET"]}}],"collection":[{"href":"https:\/\/telttamaailma.fi\/sv\/wp-json\/wp\/v2\/product"}],"about":[{"href":"https:\/\/telttamaailma.fi\/sv\/wp-json\/wp\/v2\/types\/product"}],"wp:featuredmedia":[{"embeddable":true,"href":"https:\/\/telttamaailma.fi\/sv\/wp-json\/wp\/v2\/media\/18949"}],"wp:attachment":[{"href":"https:\/\/telttamaailma.fi\/sv\/wp-json\/wp\/v2\/media?parent=13274"}],"wp:term":[{"taxonomy":"product_brand","embeddable":true,"href":"https:\/\/telttamaailma.fi\/sv\/wp-json\/wp\/v2\/product_brand?post=13274"},{"taxonomy":"product_cat","embeddable":true,"href":"https:\/\/telttamaailma.fi\/sv\/wp-json\/wp\/v2\/product_cat?post=13274"},{"taxonomy":"product_tag","embeddable":true,"href":"https:\/\/telttamaailma.fi\/sv\/wp-json\/wp\/v2\/product_tag?post=13274"}],"curies":[{"name":"wp","href":"https:\/\/api.w.org\/{rel}","templated":true}]}}