{"id":13276,"date":"2023-03-03T18:03:55","date_gmt":"2023-03-03T18:03:55","guid":{"rendered":"https:\/\/telttamaailma.fi\/tuottet\/parasoll-premium\/"},"modified":"2023-05-07T21:32:53","modified_gmt":"2023-05-07T21:32:53","slug":"parasoll-premium","status":"publish","type":"product","link":"https:\/\/telttamaailma.fi\/sv\/tuotteet\/parasoll-premium\/","title":{"rendered":"Parasoll Premium"},"content":{"rendered":"<p><strong>Ram<\/strong>: pulverlackerat aluminium<br \/>\n<strong>St\u00e5ngdiameter<\/strong>: 78 mm<br \/>\n<strong>St\u00e5ngmaterialets tjocklek:<\/strong> 2,5 mm<br \/>\n<strong>Ribbornas tv\u00e4rsnitt:<\/strong> 22 \u00d7 35 mm<br \/>\n<strong>Ribbmaterialets tjocklek:<\/strong> 1,5 mm<br \/>\n<strong>F\u00f6rbindelsedel mellan st\u00e5ngen och ribborna:<\/strong> aluminiumk\u00e4rna<br \/>\n<strong>Vikt (netto):<\/strong><br \/>\n5 \u00d7 5 m \u2013 42 kg<br \/>\n4 \u00d7 4 m \u2013 31 kg<br \/>\n3 \u00d7 3 m \u2013 24 kg<br \/>\n<strong>\u00d6ppningssystem<\/strong>: skjutbart handtag<br \/>\n<strong>Tak:<\/strong> polyesterduk 250 g\/m2, vatten-, flam- och UV-s\u00e4ker, med eller utan volang<br \/>\n<strong>Set av betongblock:<\/strong><br \/>\nF\u00f6r 3 \u00d7 3 m parasoll (4 st. 50 \u00d7 50 \u00d7 5 cm, ~100 kg)<br \/>\nF\u00f6r 4 \u00d7 4 m parasoll (4 st. 50 \u00d7 50 \u00d7 9 cm, ~200 kg)<\/p>\n","protected":false},"excerpt":{"rendered":"<ul>\n<li><strong>Premium-parasollet l\u00e4mpar sig f\u00f6r utomhusevenemang, tr\u00e4dg\u00e5rdar, terrasser och uteserveringar.<\/strong><\/li>\n<li>Parasollet ger skydd mot v\u00e4der och vind, samtidigt som du kan visa upp ditt varum\u00e4rke. Det har ett enkelt \u00f6ppningssystem och taket \u00e4r tillverkat av slitstark vatten-, flam- och UV-s\u00e4ker polyesterduk.<\/li>\n<li>Du kan ocks\u00e5 best\u00e4lla ramar i olika f\u00e4rger och LED-belysningsl\u00f6sningar under taket.<\/li>\n<li>Setet inneh\u00e5ller: Ram, tyg (med eller utan kantf\u00e5ll), skyddsfodral, st\u00f6dben<\/li>\n<\/ul>\n","protected":false},"featured_media":16627,"template":"","meta":[],"product_brand":[],"product_cat":[583,582],"product_tag":[],"class_list":{"0":"post-13276","1":"product","2":"type-product","3":"status-publish","4":"has-post-thumbnail","6":"product_cat-parasoll-med-mittstang","7":"product_cat-parasoller","9":"first","10":"instock","11":"shipping-taxable","12":"purchasable","13":"product-type-variable","14":"has-default-attributes"},"yoast_head":"<!-- This site is optimized with the Yoast SEO plugin v26.2 - https:\/\/yoast.com\/wordpress\/plugins\/seo\/ -->\n<title>Parasoll Premium - Telttamaailma OY<\/title>\n<meta name=\"robots\" content=\"index, follow, max-snippet:-1, max-image-preview:large, max-video-preview:-1\" \/>\n<link rel=\"canonical\" href=\"https:\/\/telttamaailma.fi\/tuotteet\/premium-terassivarjo\/\" \/>\n<meta property=\"og:locale\" content=\"sv_SE\" \/>\n<meta property=\"og:type\" content=\"article\" \/>\n<meta property=\"og:title\" content=\"Parasoll Premium - Telttamaailma OY\" \/>\n<meta property=\"og:description\" content=\"Premium-parasollet l\u00e4mpar sig f\u00f6r utomhusevenemang, tr\u00e4dg\u00e5rdar, terrasser och uteserveringar.  Parasollet ger skydd mot v\u00e4der och vind, samtidigt som du kan visa upp ditt varum\u00e4rke. Det har ett enkelt \u00f6ppningssystem och taket \u00e4r tillverkat av slitstark vatten-, flam- och UV-s\u00e4ker polyesterduk.  Du kan ocks\u00e5 best\u00e4lla ramar i olika f\u00e4rger och LED-belysningsl\u00f6sningar under taket.  Setet inneh\u00e5ller: Ram, tyg (med eller utan kantf\u00e5ll), skyddsfodral, st\u00f6dben\" \/>\n<meta property=\"og:url\" content=\"https:\/\/telttamaailma.fi\/tuotteet\/premium-terassivarjo\/\" \/>\n<meta property=\"og:site_name\" content=\"Telttamaailma OY\" \/>\n<meta property=\"article:modified_time\" content=\"2023-05-07T21:32:53+00:00\" \/>\n<meta property=\"og:image\" content=\"https:\/\/telttamaailma.fi\/wp-content\/uploads\/2023\/03\/premium-terassivarjo.jpg\" \/>\n\t<meta property=\"og:image:width\" content=\"2560\" \/>\n\t<meta property=\"og:image:height\" content=\"2560\" \/>\n\t<meta property=\"og:image:type\" content=\"image\/jpeg\" \/>\n<meta name=\"twitter:card\" content=\"summary_large_image\" \/>\n<!-- \/ Yoast SEO plugin. -->","yoast_head_json":{"title":"Parasoll Premium - Telttamaailma OY","robots":{"index":"index","follow":"follow","max-snippet":"max-snippet:-1","max-image-preview":"max-image-preview:large","max-video-preview":"max-video-preview:-1"},"canonical":"https:\/\/telttamaailma.fi\/tuotteet\/premium-terassivarjo\/","og_locale":"sv_SE","og_type":"article","og_title":"Parasoll Premium - Telttamaailma OY","og_description":"Premium-parasollet l\u00e4mpar sig f\u00f6r utomhusevenemang, tr\u00e4dg\u00e5rdar, terrasser och uteserveringar.  Parasollet ger skydd mot v\u00e4der och vind, samtidigt som du kan visa upp ditt varum\u00e4rke. Det har ett enkelt \u00f6ppningssystem och taket \u00e4r tillverkat av slitstark vatten-, flam- och UV-s\u00e4ker polyesterduk.  Du kan ocks\u00e5 best\u00e4lla ramar i olika f\u00e4rger och LED-belysningsl\u00f6sningar under taket.  Setet inneh\u00e5ller: Ram, tyg (med eller utan kantf\u00e5ll), skyddsfodral, st\u00f6dben","og_url":"https:\/\/telttamaailma.fi\/tuotteet\/premium-terassivarjo\/","og_site_name":"Telttamaailma OY","article_modified_time":"2023-05-07T21:32:53+00:00","og_image":[{"width":2560,"height":2560,"url":"https:\/\/telttamaailma.fi\/wp-content\/uploads\/2023\/03\/premium-terassivarjo.jpg","type":"image\/jpeg"}],"twitter_card":"summary_large_image","schema":{"@context":"https:\/\/schema.org","@graph":[{"@type":"WebPage","@id":"https:\/\/telttamaailma.fi\/tuotteet\/premium-terassivarjo\/","url":"https:\/\/telttamaailma.fi\/tuotteet\/premium-terassivarjo\/","name":"Parasoll Premium - Telttamaailma OY","isPartOf":{"@id":"https:\/\/telttamaailma.fi\/#website"},"primaryImageOfPage":{"@id":"https:\/\/telttamaailma.fi\/tuotteet\/premium-terassivarjo\/#primaryimage"},"image":{"@id":"https:\/\/telttamaailma.fi\/tuotteet\/premium-terassivarjo\/#primaryimage"},"thumbnailUrl":"https:\/\/telttamaailma.fi\/wp-content\/uploads\/2023\/03\/premium-terassivarjo.jpg","datePublished":"2023-03-03T18:03:55+00:00","dateModified":"2023-05-07T21:32:53+00:00","breadcrumb":{"@id":"https:\/\/telttamaailma.fi\/tuotteet\/premium-terassivarjo\/#breadcrumb"},"inLanguage":"sv-SE","potentialAction":[{"@type":"ReadAction","target":["https:\/\/telttamaailma.fi\/tuotteet\/premium-terassivarjo\/"]}]},{"@type":"ImageObject","inLanguage":"sv-SE","@id":"https:\/\/telttamaailma.fi\/tuotteet\/premium-terassivarjo\/#primaryimage","url":"https:\/\/telttamaailma.fi\/wp-content\/uploads\/2023\/03\/premium-terassivarjo.jpg","contentUrl":"https:\/\/telttamaailma.fi\/wp-content\/uploads\/2023\/03\/premium-terassivarjo.jpg","width":2560,"height":2560},{"@type":"BreadcrumbList","@id":"https:\/\/telttamaailma.fi\/tuotteet\/premium-terassivarjo\/#breadcrumb","itemListElement":[{"@type":"ListItem","position":1,"name":"Tooted","item":"https:\/\/telttamaailma.fi\/et\/tooted\/"},{"@type":"ListItem","position":2,"name":"Parasoll Premium"}]},{"@type":"WebSite","@id":"https:\/\/telttamaailma.fi\/#website","url":"https:\/\/telttamaailma.fi\/","name":"Telttamaailma OY","description":"","publisher":{"@id":"https:\/\/telttamaailma.fi\/#organization"},"potentialAction":[{"@type":"SearchAction","target":{"@type":"EntryPoint","urlTemplate":"https:\/\/telttamaailma.fi\/?s={search_term_string}"},"query-input":{"@type":"PropertyValueSpecification","valueRequired":true,"valueName":"search_term_string"}}],"inLanguage":"sv-SE"},{"@type":"Organization","@id":"https:\/\/telttamaailma.fi\/#organization","name":"Telttamaailma OY","url":"https:\/\/telttamaailma.fi\/","logo":{"@type":"ImageObject","inLanguage":"sv-SE","@id":"https:\/\/telttamaailma.fi\/#\/schema\/logo\/image\/","url":"https:\/\/telttamaailma.fi\/wp-content\/uploads\/2023\/02\/tentest-ikoon-512x512-hall.png","contentUrl":"https:\/\/telttamaailma.fi\/wp-content\/uploads\/2023\/02\/tentest-ikoon-512x512-hall.png","width":512,"height":512,"caption":"Telttamaailma OY"},"image":{"@id":"https:\/\/telttamaailma.fi\/#\/schema\/logo\/image\/"}}]}},"wcpa_form_fields":null,"_links":{"self":[{"href":"https:\/\/telttamaailma.fi\/sv\/wp-json\/wp\/v2\/product\/13276","targetHints":{"allow":["GET"]}}],"collection":[{"href":"https:\/\/telttamaailma.fi\/sv\/wp-json\/wp\/v2\/product"}],"about":[{"href":"https:\/\/telttamaailma.fi\/sv\/wp-json\/wp\/v2\/types\/product"}],"wp:featuredmedia":[{"embeddable":true,"href":"https:\/\/telttamaailma.fi\/sv\/wp-json\/wp\/v2\/media\/16627"}],"wp:attachment":[{"href":"https:\/\/telttamaailma.fi\/sv\/wp-json\/wp\/v2\/media?parent=13276"}],"wp:term":[{"taxonomy":"product_brand","embeddable":true,"href":"https:\/\/telttamaailma.fi\/sv\/wp-json\/wp\/v2\/product_brand?post=13276"},{"taxonomy":"product_cat","embeddable":true,"href":"https:\/\/telttamaailma.fi\/sv\/wp-json\/wp\/v2\/product_cat?post=13276"},{"taxonomy":"product_tag","embeddable":true,"href":"https:\/\/telttamaailma.fi\/sv\/wp-json\/wp\/v2\/product_tag?post=13276"}],"curies":[{"name":"wp","href":"https:\/\/api.w.org\/{rel}","templated":true}]}}