{"id":13347,"date":"2023-03-02T15:53:26","date_gmt":"2023-03-02T15:53:26","guid":{"rendered":"https:\/\/telttamaailma.fi\/tuottet\/pop-up-talt-scandipro-40\/"},"modified":"2023-05-15T16:04:07","modified_gmt":"2023-05-15T16:04:07","slug":"pop-up-talt-scandipro-40","status":"publish","type":"product","link":"https:\/\/telttamaailma.fi\/sv\/tuotteet\/pop-up-talt-scandipro-40\/","title":{"rendered":"Pop Up t\u00e4lt Scandipro 40"},"content":{"rendered":"<p><strong>Ram<\/strong>: \u00e5ttakantig anodiserad aluminiumprofil med f\u00f6rst\u00e4rkt struktur och en tjocklek av 2 mm; h\u00f6jden p\u00e5 ramen kan justeras<br \/>\n<strong>T\u00e4lttak:<\/strong> 500D polyesterduk som \u00e4r vatten-, flam- och UV-s\u00e4ker.<br \/>\n<strong>Transportv\u00e4ska:<\/strong> f\u00f6rst\u00e4rkt v\u00e4ska med hjul och remmar.<br \/>\n<strong>Monteringtid<\/strong>: beror p\u00e5 t\u00e4ltets storlek, men oftast inte mer \u00e4n fem minuter<br \/>\n<strong>Tillbeh\u00f6r<\/strong>: olika typer av n\u00e4tv\u00e4ggar, v\u00e4ggar med f\u00f6nster, markis, disk, regnr\u00e4nnor, konsoler och remsor f\u00f6r att ansluta flera t\u00e4lt.<\/p>\n","protected":false},"excerpt":{"rendered":"<ul>\n<li><strong>Popup-t\u00e4lt Scandipro 40 Ett bra popup-t\u00e4lt som \u00e4r l\u00e4tt att anv\u00e4nda f\u00f6r hemmabruk eller utst\u00e4llare p\u00e5 utomhusevenemang. <\/strong><\/li>\n<li>Olika f\u00e4rger finns tillg\u00e4ngliga. T\u00e4ltets ram best\u00e5r av sexkantiga aluminiumprofiler. Man kan f\u00e5 profiler p\u00e5 40 mm och 50 mm diameter. T\u00e4ltets tak och v\u00e4ggar \u00e4r tillverkade av PVC-belagd h\u00e5llbar polyesterduk som \u00e4r vatten-, flam- och UV-s\u00e4ker.<\/li>\n<li>T\u00e4ltduken kan \u00e4ven f\u00f6rses med tryck.<\/li>\n<\/ul>\n","protected":false},"featured_media":17301,"template":"","meta":[],"product_brand":[],"product_cat":[578,577],"product_tag":[],"class_list":{"0":"post-13347","1":"product","2":"type-product","3":"status-publish","4":"has-post-thumbnail","6":"product_cat-pop-up-talt","7":"product_cat-pop-up-talt-scandipro-40","9":"first","10":"instock","11":"sale","12":"shipping-taxable","13":"purchasable","14":"product-type-variable","15":"has-default-attributes"},"yoast_head":"<!-- This site is optimized with the Yoast SEO plugin v26.2 - https:\/\/yoast.com\/wordpress\/plugins\/seo\/ -->\n<title>Pop Up t\u00e4lt Scandipro 40 - Telttamaailma OY<\/title>\n<meta name=\"robots\" content=\"index, follow, max-snippet:-1, max-image-preview:large, max-video-preview:-1\" \/>\n<link rel=\"canonical\" href=\"https:\/\/telttamaailma.fi\/sv\/tuotteet\/pop-up-talt-scandipro-40\/\" \/>\n<meta property=\"og:locale\" content=\"sv_SE\" \/>\n<meta property=\"og:type\" content=\"article\" \/>\n<meta property=\"og:title\" content=\"Pop Up t\u00e4lt Scandipro 40 - Telttamaailma OY\" \/>\n<meta property=\"og:description\" content=\"Popup-t\u00e4lt Scandipro 40 Ett bra popup-t\u00e4lt som \u00e4r l\u00e4tt att anv\u00e4nda f\u00f6r hemmabruk eller utst\u00e4llare p\u00e5 utomhusevenemang.  Olika f\u00e4rger finns tillg\u00e4ngliga. T\u00e4ltets ram best\u00e5r av sexkantiga aluminiumprofiler. Man kan f\u00e5 profiler p\u00e5 40 mm och 50 mm diameter. T\u00e4ltets tak och v\u00e4ggar \u00e4r tillverkade av PVC-belagd h\u00e5llbar polyesterduk som \u00e4r vatten-, flam- och UV-s\u00e4ker.  T\u00e4ltduken kan \u00e4ven f\u00f6rses med tryck.\" \/>\n<meta property=\"og:url\" content=\"https:\/\/telttamaailma.fi\/sv\/tuotteet\/pop-up-talt-scandipro-40\/\" \/>\n<meta property=\"og:site_name\" content=\"Telttamaailma OY\" \/>\n<meta property=\"article:modified_time\" content=\"2023-05-15T16:04:07+00:00\" \/>\n<meta property=\"og:image\" content=\"https:\/\/telttamaailma.fi\/wp-content\/uploads\/2023\/03\/pop-up-teltta-3x3-punainen.jpg\" \/>\n\t<meta property=\"og:image:width\" content=\"800\" \/>\n\t<meta property=\"og:image:height\" content=\"800\" \/>\n\t<meta property=\"og:image:type\" content=\"image\/jpeg\" \/>\n<meta name=\"twitter:card\" content=\"summary_large_image\" \/>\n<!-- \/ Yoast SEO plugin. -->","yoast_head_json":{"title":"Pop Up t\u00e4lt Scandipro 40 - Telttamaailma OY","robots":{"index":"index","follow":"follow","max-snippet":"max-snippet:-1","max-image-preview":"max-image-preview:large","max-video-preview":"max-video-preview:-1"},"canonical":"https:\/\/telttamaailma.fi\/sv\/tuotteet\/pop-up-talt-scandipro-40\/","og_locale":"sv_SE","og_type":"article","og_title":"Pop Up t\u00e4lt Scandipro 40 - Telttamaailma OY","og_description":"Popup-t\u00e4lt Scandipro 40 Ett bra popup-t\u00e4lt som \u00e4r l\u00e4tt att anv\u00e4nda f\u00f6r hemmabruk eller utst\u00e4llare p\u00e5 utomhusevenemang.  Olika f\u00e4rger finns tillg\u00e4ngliga. T\u00e4ltets ram best\u00e5r av sexkantiga aluminiumprofiler. Man kan f\u00e5 profiler p\u00e5 40 mm och 50 mm diameter. T\u00e4ltets tak och v\u00e4ggar \u00e4r tillverkade av PVC-belagd h\u00e5llbar polyesterduk som \u00e4r vatten-, flam- och UV-s\u00e4ker.  T\u00e4ltduken kan \u00e4ven f\u00f6rses med tryck.","og_url":"https:\/\/telttamaailma.fi\/sv\/tuotteet\/pop-up-talt-scandipro-40\/","og_site_name":"Telttamaailma OY","article_modified_time":"2023-05-15T16:04:07+00:00","og_image":[{"width":800,"height":800,"url":"https:\/\/telttamaailma.fi\/wp-content\/uploads\/2023\/03\/pop-up-teltta-3x3-punainen.jpg","type":"image\/jpeg"}],"twitter_card":"summary_large_image","schema":{"@context":"https:\/\/schema.org","@graph":[{"@type":"WebPage","@id":"https:\/\/telttamaailma.fi\/sv\/tuotteet\/pop-up-talt-scandipro-40\/","url":"https:\/\/telttamaailma.fi\/sv\/tuotteet\/pop-up-talt-scandipro-40\/","name":"Pop Up t\u00e4lt Scandipro 40 - Telttamaailma OY","isPartOf":{"@id":"https:\/\/telttamaailma.fi\/#website"},"primaryImageOfPage":{"@id":"https:\/\/telttamaailma.fi\/sv\/tuotteet\/pop-up-talt-scandipro-40\/#primaryimage"},"image":{"@id":"https:\/\/telttamaailma.fi\/sv\/tuotteet\/pop-up-talt-scandipro-40\/#primaryimage"},"thumbnailUrl":"https:\/\/telttamaailma.fi\/wp-content\/uploads\/2023\/03\/pop-up-teltta-3x3-punainen.jpg","datePublished":"2023-03-02T15:53:26+00:00","dateModified":"2023-05-15T16:04:07+00:00","breadcrumb":{"@id":"https:\/\/telttamaailma.fi\/sv\/tuotteet\/pop-up-talt-scandipro-40\/#breadcrumb"},"inLanguage":"sv-SE","potentialAction":[{"@type":"ReadAction","target":["https:\/\/telttamaailma.fi\/sv\/tuotteet\/pop-up-talt-scandipro-40\/"]}]},{"@type":"ImageObject","inLanguage":"sv-SE","@id":"https:\/\/telttamaailma.fi\/sv\/tuotteet\/pop-up-talt-scandipro-40\/#primaryimage","url":"https:\/\/telttamaailma.fi\/wp-content\/uploads\/2023\/03\/pop-up-teltta-3x3-punainen.jpg","contentUrl":"https:\/\/telttamaailma.fi\/wp-content\/uploads\/2023\/03\/pop-up-teltta-3x3-punainen.jpg","width":800,"height":800,"caption":"pop up teltta 3x3 punainen"},{"@type":"BreadcrumbList","@id":"https:\/\/telttamaailma.fi\/sv\/tuotteet\/pop-up-talt-scandipro-40\/#breadcrumb","itemListElement":[{"@type":"ListItem","position":1,"name":"Tooted","item":"https:\/\/telttamaailma.fi\/et\/tooted\/"},{"@type":"ListItem","position":2,"name":"Pop Up t\u00e4lt Scandipro 40"}]},{"@type":"WebSite","@id":"https:\/\/telttamaailma.fi\/#website","url":"https:\/\/telttamaailma.fi\/","name":"Telttamaailma OY","description":"","publisher":{"@id":"https:\/\/telttamaailma.fi\/#organization"},"potentialAction":[{"@type":"SearchAction","target":{"@type":"EntryPoint","urlTemplate":"https:\/\/telttamaailma.fi\/?s={search_term_string}"},"query-input":{"@type":"PropertyValueSpecification","valueRequired":true,"valueName":"search_term_string"}}],"inLanguage":"sv-SE"},{"@type":"Organization","@id":"https:\/\/telttamaailma.fi\/#organization","name":"Telttamaailma OY","url":"https:\/\/telttamaailma.fi\/","logo":{"@type":"ImageObject","inLanguage":"sv-SE","@id":"https:\/\/telttamaailma.fi\/#\/schema\/logo\/image\/","url":"https:\/\/telttamaailma.fi\/wp-content\/uploads\/2023\/02\/tentest-ikoon-512x512-hall.png","contentUrl":"https:\/\/telttamaailma.fi\/wp-content\/uploads\/2023\/02\/tentest-ikoon-512x512-hall.png","width":512,"height":512,"caption":"Telttamaailma OY"},"image":{"@id":"https:\/\/telttamaailma.fi\/#\/schema\/logo\/image\/"}}]}},"wcpa_form_fields":null,"_links":{"self":[{"href":"https:\/\/telttamaailma.fi\/sv\/wp-json\/wp\/v2\/product\/13347","targetHints":{"allow":["GET"]}}],"collection":[{"href":"https:\/\/telttamaailma.fi\/sv\/wp-json\/wp\/v2\/product"}],"about":[{"href":"https:\/\/telttamaailma.fi\/sv\/wp-json\/wp\/v2\/types\/product"}],"wp:featuredmedia":[{"embeddable":true,"href":"https:\/\/telttamaailma.fi\/sv\/wp-json\/wp\/v2\/media\/17301"}],"wp:attachment":[{"href":"https:\/\/telttamaailma.fi\/sv\/wp-json\/wp\/v2\/media?parent=13347"}],"wp:term":[{"taxonomy":"product_brand","embeddable":true,"href":"https:\/\/telttamaailma.fi\/sv\/wp-json\/wp\/v2\/product_brand?post=13347"},{"taxonomy":"product_cat","embeddable":true,"href":"https:\/\/telttamaailma.fi\/sv\/wp-json\/wp\/v2\/product_cat?post=13347"},{"taxonomy":"product_tag","embeddable":true,"href":"https:\/\/telttamaailma.fi\/sv\/wp-json\/wp\/v2\/product_tag?post=13347"}],"curies":[{"name":"wp","href":"https:\/\/api.w.org\/{rel}","templated":true}]}}