{"id":13402,"date":"2023-02-08T17:32:00","date_gmt":"2023-02-08T17:32:00","guid":{"rendered":"https:\/\/telttamaailma.fi\/tuottet\/popup-talt-scandipro\/"},"modified":"2023-05-15T16:18:19","modified_gmt":"2023-05-15T16:18:19","slug":"popup-talt-scandipro","status":"publish","type":"product","link":"https:\/\/telttamaailma.fi\/sv\/tuotteet\/popup-talt-scandipro\/","title":{"rendered":"Pop Up t\u00e4lt Scandipro"},"content":{"rendered":"<p><strong>L\u00e4tt och enkelt monterbart pop-up t\u00e4lt f\u00f6r hemmaanv\u00e4ndare och utomhushandlare.<\/strong><\/p>\n<p>Som tillval erbjuds tryck p\u00e5 t\u00e4ltduken.<\/p>\n<p><b>St\u00e4llning<\/b>: 3-delad sexkant anodiserad aluminiumprofil med f\u00f6rst\u00e4rkt struktur, v\u00e4ggtjocklek 1 mm och justerbar h\u00f6jd H\u00f6jden p\u00e5 ramen \u00e4r justerbar.<br \/>\n<b>St\u00e4llningskopplingar<\/b>: alla kopplingar \u00e4r av kn\u00e4ck- och str\u00e4cks\u00e4ker nylonlegering<br \/>\n<b>T\u00e4ltduk<\/b>: sv\u00e5rant\u00e4ndlig samt vatten- och UV-best\u00e4ndig polyesterduk med PU-\u00f6verdrag, 500D .<br \/>\n<strong>Transportv\u00e4ska<\/strong>: v\u00e4ska med f\u00f6rst\u00e4rkt konstruktion, hjul och b\u00e4rremmar<br \/>\n<b>Monteringstid<\/b>: beroende p\u00e5 t\u00e4ltets m\u00e5tt, men normalt inte l\u00e4ngre \u00e4n 5 minuter<br \/>\n<b>Tillvalsutrustning<\/b>: olika typer av n\u00e4tv\u00e4ggar, f\u00f6nsterf\u00f6rsedda v\u00e4ggar, markis, f\u00f6rs\u00e4ljningsdisk, h\u00e4ngr\u00e4nnor, kopplingsbeslag och -r\u00e4cken f\u00f6r hopmontering av flera t\u00e4lt<\/p>\n","protected":false},"excerpt":{"rendered":"<ul>\n<li>Som ihoppackat \u00e4r t\u00e4ltet endast 105 cm l\u00e5ngt\/h\u00f6gt.<\/li>\n<li>St\u00e4llningen s\u00e4rskiljer sig f\u00f6r sina tredelade ben som g\u00f6r det m\u00f6jligt att packa ihop t\u00e4ltet mycket kompakt.<\/li>\n<li>M\u00f6jligt att v\u00e4lja duk i olika f\u00e4rger.<\/li>\n<li>T\u00e4ltst\u00e4llning av sexkant aluminiumprofil med 40mm diameter.<\/li>\n<\/ul>\n","protected":false},"featured_media":17199,"template":"","meta":[],"product_brand":[],"product_cat":[578,575],"product_tag":[],"class_list":{"0":"post-13402","1":"product","2":"type-product","3":"status-publish","4":"has-post-thumbnail","6":"product_cat-pop-up-talt","7":"product_cat-pop-up-talt-scandipro-mini","9":"first","10":"instock","11":"shipping-taxable","12":"purchasable","13":"product-type-variable","14":"has-default-attributes"},"yoast_head":"<!-- This site is optimized with the Yoast SEO plugin v26.2 - https:\/\/yoast.com\/wordpress\/plugins\/seo\/ -->\n<title>Pop Up t\u00e4lt Scandipro - Telttamaailma OY<\/title>\n<meta name=\"robots\" content=\"index, follow, max-snippet:-1, max-image-preview:large, max-video-preview:-1\" \/>\n<link rel=\"canonical\" href=\"https:\/\/telttamaailma.fi\/tuotteet\/popup-teltta-3x3-mini\/\" \/>\n<meta property=\"og:locale\" content=\"sv_SE\" \/>\n<meta property=\"og:type\" content=\"article\" \/>\n<meta property=\"og:title\" content=\"Pop Up t\u00e4lt Scandipro - Telttamaailma OY\" \/>\n<meta property=\"og:description\" content=\"Som ihoppackat \u00e4r t\u00e4ltet endast 105 cm l\u00e5ngt\/h\u00f6gt.  St\u00e4llningen s\u00e4rskiljer sig f\u00f6r sina tredelade ben som g\u00f6r det m\u00f6jligt att packa ihop t\u00e4ltet mycket kompakt.  M\u00f6jligt att v\u00e4lja duk i olika f\u00e4rger.  T\u00e4ltst\u00e4llning av sexkant aluminiumprofil med 40mm diameter.\" \/>\n<meta property=\"og:url\" content=\"https:\/\/telttamaailma.fi\/tuotteet\/popup-teltta-3x3-mini\/\" \/>\n<meta property=\"og:site_name\" content=\"Telttamaailma OY\" \/>\n<meta property=\"article:modified_time\" content=\"2023-05-15T16:18:19+00:00\" \/>\n<meta property=\"og:image\" content=\"https:\/\/telttamaailma.fi\/wp-content\/uploads\/2023\/02\/pop-up-teltta-3x3-mini-product-img.jpg\" \/>\n\t<meta property=\"og:image:width\" content=\"1000\" \/>\n\t<meta property=\"og:image:height\" content=\"1000\" \/>\n\t<meta property=\"og:image:type\" content=\"image\/jpeg\" \/>\n<meta name=\"twitter:card\" content=\"summary_large_image\" \/>\n<meta name=\"twitter:label1\" content=\"Ber\u00e4knad l\u00e4stid\" \/>\n\t<meta name=\"twitter:data1\" content=\"1 minut\" \/>\n<!-- \/ Yoast SEO plugin. -->","yoast_head_json":{"title":"Pop Up t\u00e4lt Scandipro - Telttamaailma OY","robots":{"index":"index","follow":"follow","max-snippet":"max-snippet:-1","max-image-preview":"max-image-preview:large","max-video-preview":"max-video-preview:-1"},"canonical":"https:\/\/telttamaailma.fi\/tuotteet\/popup-teltta-3x3-mini\/","og_locale":"sv_SE","og_type":"article","og_title":"Pop Up t\u00e4lt Scandipro - Telttamaailma OY","og_description":"Som ihoppackat \u00e4r t\u00e4ltet endast 105 cm l\u00e5ngt\/h\u00f6gt.  St\u00e4llningen s\u00e4rskiljer sig f\u00f6r sina tredelade ben som g\u00f6r det m\u00f6jligt att packa ihop t\u00e4ltet mycket kompakt.  M\u00f6jligt att v\u00e4lja duk i olika f\u00e4rger.  T\u00e4ltst\u00e4llning av sexkant aluminiumprofil med 40mm diameter.","og_url":"https:\/\/telttamaailma.fi\/tuotteet\/popup-teltta-3x3-mini\/","og_site_name":"Telttamaailma OY","article_modified_time":"2023-05-15T16:18:19+00:00","og_image":[{"width":1000,"height":1000,"url":"https:\/\/telttamaailma.fi\/wp-content\/uploads\/2023\/02\/pop-up-teltta-3x3-mini-product-img.jpg","type":"image\/jpeg"}],"twitter_card":"summary_large_image","twitter_misc":{"Ber\u00e4knad l\u00e4stid":"1 minut"},"schema":{"@context":"https:\/\/schema.org","@graph":[{"@type":"WebPage","@id":"https:\/\/telttamaailma.fi\/tuotteet\/popup-teltta-3x3-mini\/","url":"https:\/\/telttamaailma.fi\/tuotteet\/popup-teltta-3x3-mini\/","name":"Pop Up t\u00e4lt Scandipro - Telttamaailma OY","isPartOf":{"@id":"https:\/\/telttamaailma.fi\/#website"},"primaryImageOfPage":{"@id":"https:\/\/telttamaailma.fi\/tuotteet\/popup-teltta-3x3-mini\/#primaryimage"},"image":{"@id":"https:\/\/telttamaailma.fi\/tuotteet\/popup-teltta-3x3-mini\/#primaryimage"},"thumbnailUrl":"https:\/\/telttamaailma.fi\/wp-content\/uploads\/2023\/02\/pop-up-teltta-3x3-mini-product-img.jpg","datePublished":"2023-02-08T17:32:00+00:00","dateModified":"2023-05-15T16:18:19+00:00","breadcrumb":{"@id":"https:\/\/telttamaailma.fi\/tuotteet\/popup-teltta-3x3-mini\/#breadcrumb"},"inLanguage":"sv-SE","potentialAction":[{"@type":"ReadAction","target":["https:\/\/telttamaailma.fi\/tuotteet\/popup-teltta-3x3-mini\/"]}]},{"@type":"ImageObject","inLanguage":"sv-SE","@id":"https:\/\/telttamaailma.fi\/tuotteet\/popup-teltta-3x3-mini\/#primaryimage","url":"https:\/\/telttamaailma.fi\/wp-content\/uploads\/2023\/02\/pop-up-teltta-3x3-mini-product-img.jpg","contentUrl":"https:\/\/telttamaailma.fi\/wp-content\/uploads\/2023\/02\/pop-up-teltta-3x3-mini-product-img.jpg","width":1000,"height":1000,"caption":"pop up teltta 3x3 mini product img"},{"@type":"BreadcrumbList","@id":"https:\/\/telttamaailma.fi\/tuotteet\/popup-teltta-3x3-mini\/#breadcrumb","itemListElement":[{"@type":"ListItem","position":1,"name":"Tooted","item":"https:\/\/telttamaailma.fi\/et\/tooted\/"},{"@type":"ListItem","position":2,"name":"Pop Up t\u00e4lt Scandipro"}]},{"@type":"WebSite","@id":"https:\/\/telttamaailma.fi\/#website","url":"https:\/\/telttamaailma.fi\/","name":"Telttamaailma OY","description":"","publisher":{"@id":"https:\/\/telttamaailma.fi\/#organization"},"potentialAction":[{"@type":"SearchAction","target":{"@type":"EntryPoint","urlTemplate":"https:\/\/telttamaailma.fi\/?s={search_term_string}"},"query-input":{"@type":"PropertyValueSpecification","valueRequired":true,"valueName":"search_term_string"}}],"inLanguage":"sv-SE"},{"@type":"Organization","@id":"https:\/\/telttamaailma.fi\/#organization","name":"Telttamaailma OY","url":"https:\/\/telttamaailma.fi\/","logo":{"@type":"ImageObject","inLanguage":"sv-SE","@id":"https:\/\/telttamaailma.fi\/#\/schema\/logo\/image\/","url":"https:\/\/telttamaailma.fi\/wp-content\/uploads\/2023\/02\/tentest-ikoon-512x512-hall.png","contentUrl":"https:\/\/telttamaailma.fi\/wp-content\/uploads\/2023\/02\/tentest-ikoon-512x512-hall.png","width":512,"height":512,"caption":"Telttamaailma OY"},"image":{"@id":"https:\/\/telttamaailma.fi\/#\/schema\/logo\/image\/"}}]}},"wcpa_form_fields":null,"_links":{"self":[{"href":"https:\/\/telttamaailma.fi\/sv\/wp-json\/wp\/v2\/product\/13402","targetHints":{"allow":["GET"]}}],"collection":[{"href":"https:\/\/telttamaailma.fi\/sv\/wp-json\/wp\/v2\/product"}],"about":[{"href":"https:\/\/telttamaailma.fi\/sv\/wp-json\/wp\/v2\/types\/product"}],"wp:featuredmedia":[{"embeddable":true,"href":"https:\/\/telttamaailma.fi\/sv\/wp-json\/wp\/v2\/media\/17199"}],"wp:attachment":[{"href":"https:\/\/telttamaailma.fi\/sv\/wp-json\/wp\/v2\/media?parent=13402"}],"wp:term":[{"taxonomy":"product_brand","embeddable":true,"href":"https:\/\/telttamaailma.fi\/sv\/wp-json\/wp\/v2\/product_brand?post=13402"},{"taxonomy":"product_cat","embeddable":true,"href":"https:\/\/telttamaailma.fi\/sv\/wp-json\/wp\/v2\/product_cat?post=13402"},{"taxonomy":"product_tag","embeddable":true,"href":"https:\/\/telttamaailma.fi\/sv\/wp-json\/wp\/v2\/product_tag?post=13402"}],"curies":[{"name":"wp","href":"https:\/\/api.w.org\/{rel}","templated":true}]}}