{"id":13412,"date":"2022-06-17T12:54:52","date_gmt":"2022-06-17T12:54:52","guid":{"rendered":"https:\/\/telttamaailma.fi\/tuottet\/popup-talt-scandipro-ultra\/"},"modified":"2023-05-15T16:04:48","modified_gmt":"2023-05-15T16:04:48","slug":"popup-talt-scandipro-ultra","status":"publish","type":"product","link":"https:\/\/telttamaailma.fi\/sv\/tuotteet\/popup-talt-scandipro-ultra\/","title":{"rendered":"Pop Up t\u00e4lt Scandipro Ultra"},"content":{"rendered":"<p><strong>Som tillval erbjuds tryck p\u00e5 t\u00e4ltduken.<\/strong><\/p>\n<p><b>St\u00e4llning<\/b>: 45&#215;45 mm anodiserad aluminiumprofil med f\u00f6rst\u00e4rkt struktur, 4 sp\u00e5r och \u00e5tta rundade h\u00f6rn, v\u00e4ggtjocklek 2 mm, justerbar h\u00f6jd.<br \/>\n<b><strong>St\u00e4llningskopplingar<\/strong><\/b>: samtliga kopplingar \u00e4r av extra h\u00e5llbar pulverlackad aluminiumgjutning<br \/>\n<b>T\u00e4ltduk<\/b>: sv\u00e5rant\u00e4ndlig samt vatten- och UV-best\u00e4ndig polyesterduk med PU-\u00f6verdrag, 500D . Som tillval erbjuds tryck p\u00e5 t\u00e4ltduken.<br \/>\n<b>Transportv\u00e4ska<\/b>: v\u00e4ska med f\u00f6rst\u00e4rkt konstruktion, hjul och b\u00e4rremmar<br \/>\n<b><strong>Monteringstid<\/strong><\/b>: beroende p\u00e5 t\u00e4ltets m\u00e5tt, men normalt inte l\u00e4ngre \u00e4n 5 minuter<br \/>\n<b><strong>Tillvalsutrustning:<\/strong><\/b> olika typer av n\u00e4tv\u00e4ggar, f\u00f6nsterf\u00f6rsedda v\u00e4ggar, markis, f\u00f6rs\u00e4ljningsdisk, h\u00e4ngr\u00e4nnor, kopplingsbeslag och -r\u00e4cken f\u00f6r hopmontering av flera t\u00e4lt<\/p>\n","protected":false},"excerpt":{"rendered":"<ul>\n<li><strong>En toppmodell av hopf\u00e4llbara pop-up t\u00e4lt f\u00f6r yrkesanv\u00e4ndare. T\u00e4ltramen \u00e4r av superstark speciallegering av aluminimum 6005\/T5 med \u00e5tta rundade h\u00f6rn och extrasp\u00e5r i 45x45mm profil.<\/strong><\/li>\n<li>Sp\u00e5rkanaler p\u00e5 fyra sidor erbjuder smidiga m\u00f6jligheter f\u00f6r montering av olika tillvalsutrustning och f\u00f6r kompletterande konfigurering av t\u00e4ltet.<\/li>\n<li>M\u00f6jligt att v\u00e4lja duk i olika f\u00e4rger.<\/li>\n<li>Ram, tak, hjulf\u00f6rsedd transportv\u00e4ska, beslag.<\/li>\n<\/ul>\n","protected":false},"featured_media":17223,"template":"","meta":[],"product_brand":[],"product_cat":[578,576],"product_tag":[],"class_list":{"0":"post-13412","1":"product","2":"type-product","3":"status-publish","4":"has-post-thumbnail","6":"product_cat-pop-up-talt","7":"product_cat-pop-up-talt-scandipro-ultra","9":"first","10":"instock","11":"shipping-taxable","12":"purchasable","13":"product-type-variable","14":"has-default-attributes"},"yoast_head":"<!-- This site is optimized with the Yoast SEO plugin v26.2 - https:\/\/yoast.com\/wordpress\/plugins\/seo\/ -->\n<title>Pop Up t\u00e4lt Scandipro Ultra - Telttamaailma OY<\/title>\n<meta name=\"robots\" content=\"index, follow, max-snippet:-1, max-image-preview:large, max-video-preview:-1\" \/>\n<link rel=\"canonical\" href=\"https:\/\/telttamaailma.fi\/tuotteet\/pop-up-teltta-ultra\/\" \/>\n<meta property=\"og:locale\" content=\"sv_SE\" \/>\n<meta property=\"og:type\" content=\"article\" \/>\n<meta property=\"og:title\" content=\"Pop Up t\u00e4lt Scandipro Ultra - Telttamaailma OY\" \/>\n<meta property=\"og:description\" content=\"En toppmodell av hopf\u00e4llbara pop-up t\u00e4lt f\u00f6r yrkesanv\u00e4ndare. T\u00e4ltramen \u00e4r av superstark speciallegering av aluminimum 6005\/T5 med \u00e5tta rundade h\u00f6rn och extrasp\u00e5r i 45x45mm profil.  Sp\u00e5rkanaler p\u00e5 fyra sidor erbjuder smidiga m\u00f6jligheter f\u00f6r montering av olika tillvalsutrustning och f\u00f6r kompletterande konfigurering av t\u00e4ltet.  M\u00f6jligt att v\u00e4lja duk i olika f\u00e4rger.  Ram, tak, hjulf\u00f6rsedd transportv\u00e4ska, beslag.\" \/>\n<meta property=\"og:url\" content=\"https:\/\/telttamaailma.fi\/tuotteet\/pop-up-teltta-ultra\/\" \/>\n<meta property=\"og:site_name\" content=\"Telttamaailma OY\" \/>\n<meta property=\"article:modified_time\" content=\"2023-05-15T16:04:48+00:00\" \/>\n<meta property=\"og:image\" content=\"https:\/\/telttamaailma.fi\/wp-content\/uploads\/2022\/06\/pop-up-teltta-ultra-3x3-1.jpg\" \/>\n\t<meta property=\"og:image:width\" content=\"828\" \/>\n\t<meta property=\"og:image:height\" content=\"828\" \/>\n\t<meta property=\"og:image:type\" content=\"image\/jpeg\" \/>\n<meta name=\"twitter:card\" content=\"summary_large_image\" \/>\n<meta name=\"twitter:label1\" content=\"Ber\u00e4knad l\u00e4stid\" \/>\n\t<meta name=\"twitter:data1\" content=\"1 minut\" \/>\n<!-- \/ Yoast SEO plugin. -->","yoast_head_json":{"title":"Pop Up t\u00e4lt Scandipro Ultra - Telttamaailma OY","robots":{"index":"index","follow":"follow","max-snippet":"max-snippet:-1","max-image-preview":"max-image-preview:large","max-video-preview":"max-video-preview:-1"},"canonical":"https:\/\/telttamaailma.fi\/tuotteet\/pop-up-teltta-ultra\/","og_locale":"sv_SE","og_type":"article","og_title":"Pop Up t\u00e4lt Scandipro Ultra - Telttamaailma OY","og_description":"En toppmodell av hopf\u00e4llbara pop-up t\u00e4lt f\u00f6r yrkesanv\u00e4ndare. T\u00e4ltramen \u00e4r av superstark speciallegering av aluminimum 6005\/T5 med \u00e5tta rundade h\u00f6rn och extrasp\u00e5r i 45x45mm profil.  Sp\u00e5rkanaler p\u00e5 fyra sidor erbjuder smidiga m\u00f6jligheter f\u00f6r montering av olika tillvalsutrustning och f\u00f6r kompletterande konfigurering av t\u00e4ltet.  M\u00f6jligt att v\u00e4lja duk i olika f\u00e4rger.  Ram, tak, hjulf\u00f6rsedd transportv\u00e4ska, beslag.","og_url":"https:\/\/telttamaailma.fi\/tuotteet\/pop-up-teltta-ultra\/","og_site_name":"Telttamaailma OY","article_modified_time":"2023-05-15T16:04:48+00:00","og_image":[{"width":828,"height":828,"url":"https:\/\/telttamaailma.fi\/wp-content\/uploads\/2022\/06\/pop-up-teltta-ultra-3x3-1.jpg","type":"image\/jpeg"}],"twitter_card":"summary_large_image","twitter_misc":{"Ber\u00e4knad l\u00e4stid":"1 minut"},"schema":{"@context":"https:\/\/schema.org","@graph":[{"@type":"WebPage","@id":"https:\/\/telttamaailma.fi\/tuotteet\/pop-up-teltta-ultra\/","url":"https:\/\/telttamaailma.fi\/tuotteet\/pop-up-teltta-ultra\/","name":"Pop Up t\u00e4lt Scandipro Ultra - Telttamaailma OY","isPartOf":{"@id":"https:\/\/telttamaailma.fi\/#website"},"primaryImageOfPage":{"@id":"https:\/\/telttamaailma.fi\/tuotteet\/pop-up-teltta-ultra\/#primaryimage"},"image":{"@id":"https:\/\/telttamaailma.fi\/tuotteet\/pop-up-teltta-ultra\/#primaryimage"},"thumbnailUrl":"https:\/\/telttamaailma.fi\/wp-content\/uploads\/2022\/06\/pop-up-teltta-ultra-3x3-1.jpg","datePublished":"2022-06-17T12:54:52+00:00","dateModified":"2023-05-15T16:04:48+00:00","breadcrumb":{"@id":"https:\/\/telttamaailma.fi\/tuotteet\/pop-up-teltta-ultra\/#breadcrumb"},"inLanguage":"sv-SE","potentialAction":[{"@type":"ReadAction","target":["https:\/\/telttamaailma.fi\/tuotteet\/pop-up-teltta-ultra\/"]}]},{"@type":"ImageObject","inLanguage":"sv-SE","@id":"https:\/\/telttamaailma.fi\/tuotteet\/pop-up-teltta-ultra\/#primaryimage","url":"https:\/\/telttamaailma.fi\/wp-content\/uploads\/2022\/06\/pop-up-teltta-ultra-3x3-1.jpg","contentUrl":"https:\/\/telttamaailma.fi\/wp-content\/uploads\/2022\/06\/pop-up-teltta-ultra-3x3-1.jpg","width":828,"height":828,"caption":"pop up teltta ultra 3x3"},{"@type":"BreadcrumbList","@id":"https:\/\/telttamaailma.fi\/tuotteet\/pop-up-teltta-ultra\/#breadcrumb","itemListElement":[{"@type":"ListItem","position":1,"name":"Tooted","item":"https:\/\/telttamaailma.fi\/et\/tooted\/"},{"@type":"ListItem","position":2,"name":"Pop Up t\u00e4lt Scandipro Ultra"}]},{"@type":"WebSite","@id":"https:\/\/telttamaailma.fi\/#website","url":"https:\/\/telttamaailma.fi\/","name":"Telttamaailma OY","description":"","publisher":{"@id":"https:\/\/telttamaailma.fi\/#organization"},"potentialAction":[{"@type":"SearchAction","target":{"@type":"EntryPoint","urlTemplate":"https:\/\/telttamaailma.fi\/?s={search_term_string}"},"query-input":{"@type":"PropertyValueSpecification","valueRequired":true,"valueName":"search_term_string"}}],"inLanguage":"sv-SE"},{"@type":"Organization","@id":"https:\/\/telttamaailma.fi\/#organization","name":"Telttamaailma OY","url":"https:\/\/telttamaailma.fi\/","logo":{"@type":"ImageObject","inLanguage":"sv-SE","@id":"https:\/\/telttamaailma.fi\/#\/schema\/logo\/image\/","url":"https:\/\/telttamaailma.fi\/wp-content\/uploads\/2023\/02\/tentest-ikoon-512x512-hall.png","contentUrl":"https:\/\/telttamaailma.fi\/wp-content\/uploads\/2023\/02\/tentest-ikoon-512x512-hall.png","width":512,"height":512,"caption":"Telttamaailma OY"},"image":{"@id":"https:\/\/telttamaailma.fi\/#\/schema\/logo\/image\/"}}]}},"wcpa_form_fields":null,"_links":{"self":[{"href":"https:\/\/telttamaailma.fi\/sv\/wp-json\/wp\/v2\/product\/13412","targetHints":{"allow":["GET"]}}],"collection":[{"href":"https:\/\/telttamaailma.fi\/sv\/wp-json\/wp\/v2\/product"}],"about":[{"href":"https:\/\/telttamaailma.fi\/sv\/wp-json\/wp\/v2\/types\/product"}],"wp:featuredmedia":[{"embeddable":true,"href":"https:\/\/telttamaailma.fi\/sv\/wp-json\/wp\/v2\/media\/17223"}],"wp:attachment":[{"href":"https:\/\/telttamaailma.fi\/sv\/wp-json\/wp\/v2\/media?parent=13412"}],"wp:term":[{"taxonomy":"product_brand","embeddable":true,"href":"https:\/\/telttamaailma.fi\/sv\/wp-json\/wp\/v2\/product_brand?post=13412"},{"taxonomy":"product_cat","embeddable":true,"href":"https:\/\/telttamaailma.fi\/sv\/wp-json\/wp\/v2\/product_cat?post=13412"},{"taxonomy":"product_tag","embeddable":true,"href":"https:\/\/telttamaailma.fi\/sv\/wp-json\/wp\/v2\/product_tag?post=13412"}],"curies":[{"name":"wp","href":"https:\/\/api.w.org\/{rel}","templated":true}]}}